{"id":134,"date":"2021-10-18T15:23:44","date_gmt":"2021-10-18T15:23:44","guid":{"rendered":"https:\/\/connect.apsanet.org\/apsa2022\/?page_id=134"},"modified":"2024-10-02T20:57:41","modified_gmt":"2024-10-02T20:57:41","slug":"housing","status":"publish","type":"page","link":"https:\/\/connect.apsanet.org\/apsa2022\/housing\/","title":{"rendered":"Housing"},"content":{"rendered":"<p>\n\n\n<p>The 2022 Annual Meeting and Exhibition will take place at the Palais de congr\u00e9s de Montr\u00e9al and at the Le Westin. Registration and the Exhibit Hall will be at the Palais de congr\u00e9s.<\/p>\n\n\n\n<p>Please review the <a href=\"https:\/\/connect.apsanet.org\/apsa2022\/getting-to-canada\/\">Travel to Canada<\/a> page, including the <a href=\"https:\/\/travel.gc.ca\/travel-covid\/travel-restrictions\/wizard-start\">Government of Canada&#8217;s information<\/a> on travel to the country, and the <a href=\"https:\/\/connect.apsanet.org\/apsa2022\/health-and-safety\/\">health and safety<\/a> page before making your reservation. All meeting attendees must be fully vaccinated.<\/p>\n\n\n\n<p>APSA has special group rates and room blocks on a <strong>first come, space available<\/strong> basis. Select hotels closed their discounted room blocks on 8\/23. A number of hotels, noted below, remain open through 8\/29 with our discounted room rates.&nbsp;&nbsp;<strong><a href=\"https:\/\/book.passkey.com\/go\/APSA2022\">Reserve your room today \u00bb<\/a><\/strong><\/p>\n\n\n<p><a role=\"button\" href=\"https:\/\/book.passkey.com\/go\/APSA2022\"><br \/>Reserve Your Room \u00bb<br \/><\/a><\/p>\n<table style=\"border-collapse: collapse; width: 100%; height: 457px;\">\n<tbody>\n<tr style=\"height: 95px;\">\n<td style=\"width: 10%; height: 85px;\"><strong>Hotel<\/strong><\/td>\n<td style=\"width: 10%; height: 85px;\"><strong>Rate (CAD)*<\/strong><\/td>\n<td style=\"width: 10%; height: 85px;\"><strong>Distance from Palais<\/strong><\/td>\n<td style=\"width: 6.67221%; height: 85px;\">\n<p><strong>Cancellation Policy**<\/strong><\/p>\n<\/td>\n<td style=\"width: 28.3278%; height: 85px;\"><strong>Amenity Highlights<\/strong><\/td>\n<td style=\"width: 25%; height: 85px;\"><strong>COVID Protocol\u00a0<\/strong><\/td>\n<\/tr>\n<tr style=\"height: 23px;\">\n<td style=\"width: 10%; height: 23px;\"><strong>Le Westin Montr\u00e9al\u00a0<\/strong><br \/><strong><em>*Block open through 8\/29*<\/em><\/strong><\/td>\n<td style=\"width: 10%; height: 23px;\">$269<\/td>\n<td style=\"width: 10%; height: 23px;\">\n<p>100 m<br \/>(328 ft)<\/p>\n<\/td>\n<td style=\"width: 6.67221%; height: 23px;\">\u00a072 hours prior to arrival<\/td>\n<td style=\"width: 28.3278%; height: 23px;\">Fitness center; indoor pool<\/td>\n<td style=\"width: 25%; height: 23px;\"><a href=\"https:\/\/whattoexpect.marriott.com\/yulle\">Le Westin Protocol<\/a><\/td>\n<\/tr>\n<tr style=\"height: 23px;\">\n<td style=\"width: 10%; height: 23px;\"><strong>Delta Montr\u00e9al<\/strong><br \/><strong><em>*Block open through 8\/25*<\/em><\/strong><\/td>\n<td style=\"width: 10%; height: 23px;\">$198<\/td>\n<td style=\"width: 10%; height: 23px;\">.81 km<br \/>(.5 mi)<\/td>\n<td style=\"width: 6.67221%; height: 23px;\">\u00a072 hours prior to arrival<\/td>\n<td style=\"width: 28.3278%; height: 23px;\">Comp wi-fi; indoor pool; children&#8217;s activities and child care; spa<\/td>\n<td style=\"width: 25%; height: 23px;\"><a href=\"https:\/\/whattoexpect.marriott.com\/yuldb\">Delta Protocol<\/a><\/td>\n<\/tr>\n<tr style=\"height: 23px;\">\n<td style=\"width: 10%; height: 23px;\">DoubleTree by Hilton Montr\u00e9al<\/td>\n<td style=\"width: 10%; height: 23px;\">$255-$285<\/td>\n<td style=\"width: 10%; height: 23px;\">.51 km<br \/>(.3 mi)<\/td>\n<td style=\"width: 6.67221%; height: 23px;\">72 hours prior to arrival\u00a0<\/td>\n<td style=\"width: 28.3278%; height: 23px;\">Comp wi-fi and fitness center; indoor pool; children&#8217;s activities and child care; spa<\/td>\n<td style=\"width: 25%; height: 23px;\"><a href=\"https:\/\/www.hilton.com\/en\/p\/what-to-expect\/\">DoubleTree Protocol<\/a><\/td>\n<\/tr>\n<tr style=\"height: 23px;\">\n<td style=\"width: 10%; height: 23px;\">Embassy Suites by Hilton Montr\u00e9al<\/td>\n<td style=\"width: 10%; height: 23px;\">$249<\/td>\n<td style=\"width: 10%; height: 23px;\">.16 km<br \/>(.1 mi)<\/td>\n<td style=\"width: 6.67221%; height: 23px;\">\u00a072 hours prior to arrival<\/td>\n<td style=\"width: 28.3278%; height: 23px;\">Comp made-to-order breakfast and evening reception; Fitness center and health club<\/td>\n<td style=\"width: 25%; height: 23px;\"><a href=\"https:\/\/www.hilton.com\/en\/p\/what-to-expect\/\">Embassy Suites Protocol<\/a><\/td>\n<\/tr>\n<tr style=\"height: 23px;\">\n<td style=\"width: 10%; height: 23px;\">Fairmont The Queen Elizabeth<\/td>\n<td style=\"width: 10%; height: 23px;\">$269-$299<\/td>\n<td style=\"width: 10%; height: 23px;\">.64 km<br \/>(.4 mi)<\/td>\n<td style=\"width: 6.67221%; height: 23px;\">72 hours prior to arrival<\/td>\n<td style=\"width: 28.3278%; height: 23px;\">Comp wifi; fitness center; indoor pool; child care services; spa<\/td>\n<td style=\"width: 25%; height: 23px;\"><a href=\"https:\/\/www.allsafeandwell.com\/\">Fairmont Protocol<\/a><\/td>\n<\/tr>\n<tr style=\"height: 23px;\">\n<td style=\"width: 10%; height: 23px;\"><strong>Holiday Inn Montr\u00e9al Centre-Ville<\/strong><br \/><strong><em>*Block open through 8\/29*<\/em><\/strong><\/td>\n<td style=\"width: 10%; height: 23px;\">$229<\/td>\n<td style=\"width: 10%; height: 23px;\">\n<p>\u00a0200 m<br \/>(656 ft)<\/p>\n<\/td>\n<td style=\"width: 6.67221%; height: 23px;\">72 hours prior to arrival<\/td>\n<td style=\"width: 28.3278%; height: 23px;\">Comp wifi and fitness center; indoor pool; spa<\/td>\n<td style=\"width: 25%; height: 23px;\"><a href=\"https:\/\/www.ihg.com\/content\/us\/en\/customer-care\/clean-promise?cm_mmc=EXTERNAL-_-6C-_-GLO-_-EN-_-AWA-_-CleanPromise-_-VANITY\">Holiday Inn Protocol<\/a><\/td>\n<\/tr>\n<tr style=\"height: 23px;\">\n<td style=\"width: 10%; height: 23px;\"><strong>Hotel Bonaventure<\/strong><br \/><strong>*Block open through 8\/24<\/strong>*<\/td>\n<td style=\"width: 10%; height: 23px;\">$232<\/td>\n<td style=\"width: 10%; height: 23px;\">.68 km<br \/>(.4 mi)<\/td>\n<td style=\"width: 6.67221%; height: 23px;\">72 hours prior to arrival<\/td>\n<td style=\"width: 28.3278%; height: 23px;\">Comp wifi; fitness center; outdoor pool<\/td>\n<td style=\"width: 25%; height: 23px;\"><a href=\"https:\/\/hotelbonaventure.com\/fr\/informations-relatives-au-covid-19-et-situation-de-lhotel\/\">Hotel Bonaventure Protocol<\/a><\/td>\n<\/tr>\n<tr style=\"height: 23px;\">\n<td style=\"width: 10%; height: 23px;\">Hotel Dauphin Montr\u00e9al Downtown<\/td>\n<td style=\"width: 10%; height: 23px;\">$223<\/td>\n<td style=\"width: 10%; height: 23px;\">.11 km<br \/>(316 ft)<\/td>\n<td style=\"width: 6.67221%; height: 23px;\">48 hours prior to arrival<\/td>\n<td style=\"width: 28.3278%; height: 23px;\">\u00a0Free continental breakfast<\/td>\n<td style=\"width: 25%; height: 23px;\">Hotel Dauphin Protocol<\/td>\n<\/tr>\n<tr style=\"height: 23px;\">\n<td style=\"width: 10%; height: 23px;\">InterContinental Montr\u00e9al<\/td>\n<td style=\"width: 10%; height: 23px;\">$259<\/td>\n<td style=\"width: 10%; height: 23px;\">.1 km<br \/>(316 ft)<\/td>\n<td style=\"width: 6.67221%; height: 23px;\">72 hours prior to arrival<\/td>\n<td style=\"width: 28.3278%; height: 23px;\">Comp wifi; fitness center;\u00a0 indoor saltwater pool; child care services<\/td>\n<td style=\"width: 25%; height: 23px;\"><a href=\"https:\/\/www.ihg.com\/content\/us\/en\/customer-care\/clean-promise?cm_mmc=EXTERNAL-_-6C-_-GLO-_-EN-_-AWA-_-CleanPromise-_-VANITY\">InterContinental Protocol<\/a><\/td>\n<\/tr>\n<tr style=\"height: 71px;\">\n<td style=\"width: 10%; height: 71px;\">Le Centre Sheraton Montr\u00e9al<\/td>\n<td style=\"width: 10%; height: 71px;\">$229<\/td>\n<td style=\"width: 10%; height: 71px;\">1.08 km<br \/>(.7 mi)<\/td>\n<td style=\"width: 6.67221%; height: 71px;\">\u00a072 hours prior to arrival<\/td>\n<td style=\"width: 28.3278%; height: 71px;\">Comp wifi; fitness center; indoor pool; spa<\/td>\n<td style=\"width: 25%; height: 71px;\"><a href=\"https:\/\/whattoexpect.marriott.com\/yulsi\">Le Centre Sheraton Protocol<\/a><\/td>\n<\/tr>\n<tr style=\"height: 71px;\">\n<td style=\"width: 10%; height: 71px;\">Marriott Chateau Champlain<\/td>\n<td style=\"width: 10%; height: 71px;\">$205<\/td>\n<td style=\"width: 10%; height: 71px;\">.81 km<br \/>(.5 mi)<\/td>\n<td style=\"width: 6.67221%; height: 71px;\">48 hours prior to arrival<\/td>\n<td style=\"width: 28.3278%; height: 71px;\">Comp wifi<\/td>\n<td style=\"width: 25%; height: 71px;\"><a href=\"https:\/\/whattoexpect.marriott.com\/yulcc\">Marriott Chateau Champlain Protocol<\/a><\/td>\n<\/tr>\n<tr style=\"height: 23px;\">\n<td style=\"width: 10%; height: 23px;\">Marriott SpringHill Suites Montr\u00e9al<\/td>\n<td style=\"width: 10%; height: 23px;\">$219-$259<\/td>\n<td style=\"width: 10%; height: 23px;\">.58 km<br \/>(.4 mi)<\/td>\n<td style=\"width: 6.67221%; height: 23px;\">48 hours prior to arrival<\/td>\n<td style=\"width: 28.3278%; height: 23px;\">Comp wifi; comp breakfast buffet; fitness center; indoor pool; spa<\/td>\n<td style=\"width: 25%; height: 23px;\"><a href=\"https:\/\/clean.marriott.com\/\">Marriott SpringHill Suites Protocol<\/a><\/td>\n<\/tr>\n<\/tbody>\n<\/table>\n<p><em>*before taxes and fees<br \/><\/em><em>**Beginning on August 6, 2022, a cancellation fee of $30.00 will be charged for any cancellations.\u00a0 This cancellation fee will appear on your credit card statement as \u201cCONFDIRECT* APSA22XLD\u201d.<\/em><\/p>\n<p><a href=\"https:\/\/connect.apsanet.org\/apsa2022\/wp-content\/uploads\/sites\/74\/2022\/05\/Family-Friendly.pdf\">Family-Friendly Hotel Amenities<\/a><\/p>\n<p><b>*Housing Alert\u00a0\u2013 Please be aware of unauthorized hotel solicitations.\u00a0 APSA&#8217;s hotel block is not yet opened. <\/b><strong>Please be aware that Conference Direct is the ONLY \u201cAmerican Political Science Association\u201d housing provider.<\/strong>\u00a0Companies other than the official housing provider may contact you indicating that they are affiliated with \u201cAssociation\/Event Name,\u201d and claim to offer hotels at a reduced rates. These companies are not affiliated in any way with the American Political Science Association, and we strongly recommend that you DO NOT use their services. At past events, exhibitors and attendees have used these companies and lost deposits or did not receive the hotel rooms they reserved. APSA\u2019s Housing Bureau, ConferenceDirect, is the ONLY authorized hotel reservations contact. If you are contacted by one of these companies, please let us know at\u00a0<a href=\"mailto:meeting@apsanet.org\">meeting@apsanet.org<\/a><\/p>\n<p><!-- \/wp:post-content --><!-- wp:paragraph --><\/p>","protected":false},"excerpt":{"rendered":"<p>The 2022 Annual Meeting and Exhibition will take place at the Palais de congr\u00e9s de Montr\u00e9al and at the Le Westin. Registration and the Exhibit&hellip;<\/p>\n","protected":false},"author":5924,"featured_media":0,"parent":0,"menu_order":0,"comment_status":"closed","ping_status":"closed","template":"","meta":{"_bbp_topic_count":0,"_bbp_reply_count":0,"_bbp_total_topic_count":0,"_bbp_total_reply_count":0,"_bbp_voice_count":0,"_bbp_anonymous_reply_count":0,"_bbp_topic_count_hidden":0,"_bbp_reply_count_hidden":0,"_bbp_forum_subforum_count":0,"_monsterinsights_skip_tracking":false,"_monsterinsights_sitenote_active":false,"_monsterinsights_sitenote_note":"","_monsterinsights_sitenote_category":0,"footnotes":""},"class_list":["post-134","page","type-page","status-publish","hentry"],"_links":{"self":[{"href":"https:\/\/connect.apsanet.org\/apsa2022\/wp-json\/wp\/v2\/pages\/134","targetHints":{"allow":["GET"]}}],"collection":[{"href":"https:\/\/connect.apsanet.org\/apsa2022\/wp-json\/wp\/v2\/pages"}],"about":[{"href":"https:\/\/connect.apsanet.org\/apsa2022\/wp-json\/wp\/v2\/types\/page"}],"author":[{"embeddable":true,"href":"https:\/\/connect.apsanet.org\/apsa2022\/wp-json\/wp\/v2\/users\/5924"}],"replies":[{"embeddable":true,"href":"https:\/\/connect.apsanet.org\/apsa2022\/wp-json\/wp\/v2\/comments?post=134"}],"version-history":[{"count":0,"href":"https:\/\/connect.apsanet.org\/apsa2022\/wp-json\/wp\/v2\/pages\/134\/revisions"}],"wp:attachment":[{"href":"https:\/\/connect.apsanet.org\/apsa2022\/wp-json\/wp\/v2\/media?parent=134"}],"curies":[{"name":"wp","href":"https:\/\/api.w.org\/{rel}","templated":true}]}}