{"id":1352,"date":"2022-03-23T17:26:27","date_gmt":"2022-03-23T17:26:27","guid":{"rendered":"https:\/\/connect.apsanet.org\/apsa2022\/?page_id=1352"},"modified":"2024-10-02T21:08:37","modified_gmt":"2024-10-02T21:08:37","slug":"lightning-rounds","status":"publish","type":"page","link":"https:\/\/connect.apsanet.org\/apsa2022\/lightning-rounds\/","title":{"rendered":"Emerging Scholars Symposium: Lightning Rounds"},"content":{"rendered":"<p>APSA is excited to announce the return of the Emerging Scholars Symposium and Lightning Rounds on Saturday, September 17, at the 2022 Annual Meeting. The Emerging Scholars Symposium kicks off with Lightning Rounds, which are similar to PechaKucha, and will have coffee available for all participants. The day concludes with the Graduate Student Happy Hour.<\/p>\n<p>Each scholar will have five minutes to present, followed by five minutes of feedback or Q&amp;A. This format provides a structured framework, giving presenters not only an opportunity to share their research at the world\u2019s largest political science meeting, but also an opportunity to develop and enhance research communication skills through a concise presentation. Coffee will be available throughout the day for participants.<\/p>\n<p>Many thanks to <a href=\"https:\/\/www.cambridge.org\/\">Cambridge University Press<\/a>, for sponsoring the Emerging Scholars Symposium, and to <a href=\"https:\/\/pisigmaalpha.org\/\">Pi Sigma Alpha<\/a>, for sponsoring the attendance of the the undergraduate students.\u00a0<\/p>\n<p><strong>Graduate Student Research: Ideas, Institutions, Coalitions &amp; Movements<br \/><\/strong><em>September 17, 8:00 a.m. &#8211; 9:30 a.m., Palais 522C<\/em><strong><br \/><\/strong><\/p>\n<p>Chair: Biko Koening, Franklin &amp; Marshall College<br \/>Discussants: Biko Koening, Franklin &amp; Marshall College; Justin Zimmerman, Northwestern University<\/p>\n<p>Papers:<br \/><em>Designed Like Los Angeles, Developing Like Chicago?<\/em><br \/>Elena Borzenkova, University of Illinois at Chicago\u00a0<\/p>\n<p><em>Double-edged Effects of Participatory Institutions on Authoritarian Survival<\/em><br \/>Tongtong Zhang, Stanford University<\/p>\n<p><em>Evidence from 2020 BLM Protests on Race Relations and Local Ethnic Tensions<\/em><br \/>Sara Bornstein, The George Washington University<\/p>\n<p><em>Friends Don\u2019t Talk about Money: The Politics of China\u2019s Anti-dumping Cases<\/em><br \/>Yajie Wang, Yale University<\/p>\n<p><em>From System, to Society, to State: Trade Policy Options in the Post-crisis Era<\/em><br \/>Dancheng Li, Shanghai Jiao Tong University<\/p>\n<p><em>The Cascading Technology Stack: A Multilevel Approach to Effective<\/em> <em>Deplatforming<br \/>Lorcan Neill, George Washington University<\/em><\/p>\n<p><em>The State That Forges Organized Criminal Groups<\/em><br \/>Ana Paula Pellegrino, Georgetown University<\/p>\n<p><em>Time Is Money: The Effect of Legislative Professionalization on Time Fundraising<\/em><br \/>Max Seeley, Illinois State University<\/p>\n<p><strong>Graduate Student Research: Democratic Backsliding, Electoral Systems &amp; Conflict<br \/><\/strong><em>September 17, 10:00 a.m. &#8211; 11:30 a.m., Palais 522C<\/em><\/p>\n<p>Chair: David Houston, George Mason University<br \/>Discussant: Gabriel Alves Pimenta, University of California, Riverside<\/p>\n<p>Papers:<em><br \/>Advancing Abortion Justice<\/em><br \/>Jamie Morgan, Brandeis University<\/p>\n<p><em>A Relational Theory of Rebel Alliances: Interactions and Levels of Cooperation<\/em><br \/>Sedef Asli Topal, Washington State University<\/p>\n<p><em>Casualties, Government&#8217;s Partisanship and Culpability, and Incumbent Vote Share<\/em><br \/>James Dongjin Kim, Texas A&amp;M University<\/p>\n<p><em>Does Democratic Backsliding Reflect Preferences of Party Electorates?<\/em><br \/>Daniel Markovits, Columbia University<\/p>\n<p><em>Partitioning Body and State: Interethnic Conflict on Gender Violence in India<\/em><br \/>Charitra Shreya Pabbaraju, University of Oxford<\/p>\n<p><em>The Effect of Courts Fragmentation on Electoral Disputes<\/em><br \/>Thalia Gerzso, Cornell University<\/p>\n<p>\u00a0<\/p>\n<p><strong>Graduate Student Research: Attitudes, Identities, and Discourse<br \/><\/strong><em>September 17, 12:00 p.m. &#8211; 1:30 p.m., Palais 522C<\/em><\/p>\n<p>Chair: Jennifer Boylan, APSA<br \/>Discussant: Jieun Park, University of California, Los Angeles<\/p>\n<p>Papers:<br \/><em>Do Citizens Know What They Don\u2019t Know?<\/em><br \/>Olivier Bergeron-Boutin, McGill University and Philippe Chass\u00e9, Universit\u00e9 de Montr\u00e9al<\/p>\n<p><em>Examining the Reintegration of Survivors of CRSV and Changing Public Attitudes<\/em><br \/>Hatti Sellers, Louisiana State University<\/p>\n<p><em>Leaving for Good? Exits From iOS and the Realignment of Regional Integration<\/em><br \/>Kenneth Stiller, University of Oxford<\/p>\n<p><em>Linking National Identity, Political Rhetoric, and Affective Polarization<\/em><br \/>Jack Lattimore, Princeton University\u00a0<\/p>\n<p><em>The Individual and Contextual Determinants of Anti-immigrant Attitudes in Europe<\/em><br \/>Sumeyye Mine Iltekin, University of Delaware<\/p>\n<p><em>Urban Solidarity Typology: Comparison of Local Responses to the \u201cRefuge Crisis<\/em>\u201d<br \/>Gulce Safak Ozdemir, Universitat Pompeu Fabra<\/p>\n<p><strong>Undergraduate Student Research<br \/><\/strong><em>September 17, 2:00 p.m. &#8211; 3:30 p.m., Palais 522C<\/em><\/p>\n<p>Chair: Philippe Mongrain, McGill University<br \/>Discussant: Fernando Feitosa, McGill University<\/p>\n<p>Papers:<br \/><em>20 Years Later: Failures of American Counterterrorism Policy in the Middle East<\/em><br \/>Rishab Chatty<\/p>\n<p><em>Complex Ethnofederalism: Gauging Multiregional &amp; Multigroup Ethnofederal Models<\/em><br \/>Darren Janz, Duke University<\/p>\n<p><em>Contraceptive Sabotage as Intimate Partner Violence: Reviving Bodily Autonomy<br \/><\/em>Anne McDonnell, George Washington University<\/p>\n<p><em>Dispel Cloud to See Sun: The Warming Relationship between China and North Kore<\/em>a<br \/>Shixuan Tang, University of Richmond<\/p>\n<p><em>The Dynamics of Civic Norms under Pandemic Response: A Quasi-Experimental Study<\/em><br \/>Yiwen Zhang<\/p>\n<p><em>The Impact of Descriptive Representation on Participation<\/em><br \/>Akayla Henson, Murray State University; Brittany Wood, Murray State University<\/p>\n<p><em>Women&#8217;s Descriptive Representation and Public Procurement Policy in Marylan<\/em>d<br \/>Emily Thompson, Tufts University<\/p>\n<p><em>Effect of Anti-corruption Campaigns on Business Activities: Evidence from China<\/em><br \/>Yuehao Yang, Vanderbilt University<\/p>\n<p><strong>Research Design<br \/><\/strong><em>September 17, 4:00 p.m. &#8211; 5:30 p.m., Palais 522C<\/p>\n<p><\/em>Chair &amp; Discussant: Sean Delehanty, APSA<\/p>\n<p>Papers:<br \/><em>Building Intergroup Trust through Personal Transfers in Post-war Liberia<\/em><br \/>Joan Barcelo, New York University Abu Dhabi; Sekou Jabateh, New York University &#8211; Abu Dhabi<\/p>\n<p><em>Civil Society Repression for Women&#8217;s and Ethnic\/Racial Minorities<br \/><\/em>Julianne Windham, Arizona State University<\/p>\n<p><em>Do Political Factors Affect South Korean People\u2019s Policy Compliance?<\/em><br \/>Byungwon Woo, Yonsei University<\/p>\n<p><em>IPOP: A Dataset of Individual Preferences over Parties throughout Democracies<\/em><br \/>Samuel Baltz, Massachusetts Institute of Technology; Fabricio Vasselai, University of Michigan<\/p>\n<p><em>Rising Losers: The Middle Class, Electoral Politics and Deglobalisation Waves<\/em><br \/>Dancheng Li<\/p>\n<p><em>The Choose-Your-Own-Adventure Experimental Paradigm of Political Behavior<\/em><br \/>Ina Kamenova, University of Massachusetts Lowell<\/p>\n<p><em>The Politics of Modern Housing Policy in the United States<\/em><br \/>Henry Watson, Georgetown University<\/p>\n<p><em>Trust and Legitimacy in the National Capital Region of India<\/em><br \/>Shagun Gupta, American University-SIS<\/p>\n","protected":false},"excerpt":{"rendered":"<p>APSA is excited to announce the return of the Emerging Scholars Symposium and Lightning Rounds on Saturday, September 17, at the 2022 Annual Meeting. The&hellip;<\/p>\n","protected":false},"author":5924,"featured_media":0,"parent":0,"menu_order":0,"comment_status":"closed","ping_status":"closed","template":"","meta":{"_bbp_topic_count":0,"_bbp_reply_count":0,"_bbp_total_topic_count":0,"_bbp_total_reply_count":0,"_bbp_voice_count":0,"_bbp_anonymous_reply_count":0,"_bbp_topic_count_hidden":0,"_bbp_reply_count_hidden":0,"_bbp_forum_subforum_count":0,"_monsterinsights_skip_tracking":false,"_monsterinsights_sitenote_active":false,"_monsterinsights_sitenote_note":"","_monsterinsights_sitenote_category":0,"footnotes":""},"class_list":["post-1352","page","type-page","status-publish","hentry"],"_links":{"self":[{"href":"https:\/\/connect.apsanet.org\/apsa2022\/wp-json\/wp\/v2\/pages\/1352","targetHints":{"allow":["GET"]}}],"collection":[{"href":"https:\/\/connect.apsanet.org\/apsa2022\/wp-json\/wp\/v2\/pages"}],"about":[{"href":"https:\/\/connect.apsanet.org\/apsa2022\/wp-json\/wp\/v2\/types\/page"}],"author":[{"embeddable":true,"href":"https:\/\/connect.apsanet.org\/apsa2022\/wp-json\/wp\/v2\/users\/5924"}],"replies":[{"embeddable":true,"href":"https:\/\/connect.apsanet.org\/apsa2022\/wp-json\/wp\/v2\/comments?post=1352"}],"version-history":[{"count":0,"href":"https:\/\/connect.apsanet.org\/apsa2022\/wp-json\/wp\/v2\/pages\/1352\/revisions"}],"wp:attachment":[{"href":"https:\/\/connect.apsanet.org\/apsa2022\/wp-json\/wp\/v2\/media?parent=1352"}],"curies":[{"name":"wp","href":"https:\/\/api.w.org\/{rel}","templated":true}]}}