{"id":1989,"date":"2024-07-12T18:54:32","date_gmt":"2024-07-12T18:54:32","guid":{"rendered":"https:\/\/connect.apsanet.org\/apsa2024\/?page_id=1989"},"modified":"2024-08-29T17:54:22","modified_gmt":"2024-08-29T17:54:22","slug":"department-chairs-mini-conference-and-luncheon","status":"publish","type":"page","link":"https:\/\/connect.apsanet.org\/apsa2024\/department-chairs-mini-conference-and-luncheon\/","title":{"rendered":"Department Chairs&#8217; Mini-Conference and Luncheon"},"content":{"rendered":"<div class=\"wp-block-image\">\n<figure class=\"aligncenter size-full\"><img loading=\"lazy\" decoding=\"async\" width=\"1024\" height=\"512\" src=\"https:\/\/connect.apsanet.org\/apsa2024\/wp-content\/uploads\/sites\/98\/2024\/07\/onlineprogrampagecompilation.png\" alt=\"\" class=\"wp-image-1990\" srcset=\"https:\/\/connect.apsanet.org\/apsa2024\/wp-content\/uploads\/sites\/98\/2024\/07\/onlineprogrampagecompilation.png 1024w, https:\/\/connect.apsanet.org\/apsa2024\/wp-content\/uploads\/sites\/98\/2024\/07\/onlineprogrampagecompilation-300x150.png 300w, https:\/\/connect.apsanet.org\/apsa2024\/wp-content\/uploads\/sites\/98\/2024\/07\/onlineprogrampagecompilation-768x384.png 768w\" sizes=\"auto, (max-width: 1024px) 100vw, 1024px\" \/><\/figure>\n<\/div>\n\n\n<h4 class=\"wp-block-heading\"><strong>Join Us! Department Chairs&#8217; Mini-Conference at the 2024 APSA Annual Meeting | Friday, September 6 | 10:00 AM \u2013 3:30 PM<\/strong><\/h4>\n\n\n<p><span style=\"font-weight: 400\">APSA Department Members are invited to attend the Department Chairs&#8217; Mini-Conference and Luncheon at the 2024 American Political Science Association Annual Meeting.\u00a0<\/span><\/p>\n<p><span style=\"font-weight: 400\">Suitable for new and current Department leaders of all types, the 2024 Department Chairs&#8217; Mini-Conference and Luncheon explores political science departmental leadership in a changing higher education landscape, offers support to department leaders, and provides professional networking opportunities.\u00a0<\/span><\/p>\n<p><span style=\"font-weight: 400\">This year\u2019s event features two roundtable panels and a keynote with lunch. APSA\u2019s Departmental Services Committee supports the 2024 Department Chairs&#8217; Luncheon and Mini-Conference.\u00a0<\/span><\/p>\n<h4 class=\"wp-block-heading\"><strong>2024 Program:<\/strong><\/h4>\n<p>10 am \u2013 11:30 am: <i>\u201c<\/i><a href=\"https:\/\/convention2.allacademic.com\/one\/apsa\/apsa24\/index.php?cmd=Online+Program+View+Session&amp;selected_session_id=2171162&amp;PHPSESSID=r9jebsamh9t93ig3brlngg1qt0\">Leading a Department in a Polarized Political Climate<\/a><i>\u201d<\/i><\/p>\n<ul>\n<li>Jeffrey N. Carroll, Chestnut Hill College<\/li>\n<li>Shana Kushner Gadarian, Syracuse University<\/li>\n<li>G\u00fcne\u015f Murat Tezc\u00fcr, Arizona State University<\/li>\n<li>Antoine J. Banks, University of Maryland\u00a0<\/li>\n<li>Allison Rank, SUNY, Oswego State<\/li>\n<\/ul>\n<p>12 pm \u2013 1:30 pm: \u201c<a href=\"https:\/\/convention2.allacademic.com\/one\/apsa\/apsa24\/index.php?cmd=Online+Program+View+Session&amp;selected_session_id=2171164&amp;PHPSESSID=r9jebsamh9t93ig3brlngg1qt0\" target=\"_blank\" rel=\"noopener\">Surviving and Thriving as a Department Chair: Department Chairs Keynote<\/a>\u201d<\/p>\n<ul>\n<li>Susan Scarrow, University of Houston\u00a0<\/li>\n<li><strong><a href=\"https:\/\/apsa.wufoo.com\/forms\/2024-department-chairs-networking-luncheon\/\" target=\"_blank\" rel=\"noopener\">Register for the Department Chairs Luncheon here<\/a><\/strong>.<\/li>\n<\/ul>\n<p>2 pm \u2013 3:30 pm: \u201c<a href=\"https:\/\/convention2.allacademic.com\/one\/apsa\/apsa24\/index.php?cmd=Online+Program+View+Session&amp;selected_session_id=2171165&amp;PHPSESSID=r9jebsamh9t93ig3brlngg1qt0\" target=\"_blank\" rel=\"noopener\">Building an Inclusive and Equitable Political Science Department<\/a>\u201d<\/p>\n<ul>\n<li>Cyril Ghosh, Clark University<\/li>\n<li>Natalie Masuoka, University of California, Los Angeles<\/li>\n<li>Betina Cutaia Wilkinson, Wake Forest University<\/li>\n<li>Todd C. Shaw, University of South Carolina<\/li>\n<\/ul>\n<p><strong><a href=\"https:\/\/apsa.wufoo.com\/forms\/2024-department-chairs-networking-luncheon\/\" target=\"_blank\" rel=\"noopener\">Please register for the Department Chairs Luncheon and Mini-Conference here<\/a><\/strong>. Registration is free to APSA Departmental Members.\u00a0<\/p>\n<h4 class=\"wp-block-heading\"><strong>2024 Department Chairs Luncheon Keynote Speaker<\/strong><\/h4>\n<p><img loading=\"lazy\" decoding=\"async\" class=\" wp-image-1991 alignleft\" src=\"https:\/\/connect.apsanet.org\/apsa2024\/wp-content\/uploads\/sites\/98\/2024\/07\/dr-scarrow-photo-2023-239x300.jpg\" alt=\"\" width=\"180\" height=\"226\" srcset=\"https:\/\/connect.apsanet.org\/apsa2024\/wp-content\/uploads\/sites\/98\/2024\/07\/dr-scarrow-photo-2023-239x300.jpg 239w, https:\/\/connect.apsanet.org\/apsa2024\/wp-content\/uploads\/sites\/98\/2024\/07\/dr-scarrow-photo-2023-816x1024.jpg 816w, https:\/\/connect.apsanet.org\/apsa2024\/wp-content\/uploads\/sites\/98\/2024\/07\/dr-scarrow-photo-2023-768x963.jpg 768w, https:\/\/connect.apsanet.org\/apsa2024\/wp-content\/uploads\/sites\/98\/2024\/07\/dr-scarrow-photo-2023.jpg 826w\" sizes=\"auto, (max-width: 180px) 100vw, 180px\" \/><strong>Susan Scarrow, Professor and Associate Dean of Graduate Studies, <em>University of Houston<\/em><\/strong><\/p>\n<p>Susan Scarrow holds a Moores University Professorship in the Department of Political Science. Her teaching and scholarship focus on representation and political participation in parliamentary democracies, including political party development, comparative political finance, and the spread of direct democracy. She co-leads the multi-national\u00a0<a href=\"http:\/\/www.politicalpartydb.org\/\" target=\"_blank\" rel=\"noopener\">Political Party Database<\/a>, an NSF-funded endeavor encompassing over 240 parties and over 40 countries.\u00a0 She co-edited\u00a0<a href=\"https:\/\/global.oup.com\/academic\/product\/organizing-political-parties-9780198758631?cc=us&amp;lang=en&amp;\" target=\"_blank\" rel=\"noopener\">Organizing Political Parties: Representation, Participation and Power<\/a>, a book presenting the first analyses of this project (Oxford University Press 2017). Susan was the chair of APSA\u2019s Departmental Services Committee from 2020-2023.\u00a0<\/p>\n<h4>\u00a0<\/h4>\n<h4>\u00a0<\/h4>\n<h4><b>Thank you to APSA\u2019s Departmental Services Committee for their hard work planning and supporting the 2024 Department Chairs&#8217; Lunch and Mini-Conference.<\/b><\/h4>\n<ul>\n<li>(Chair) Miki Kittilson, Arizona State University<\/li>\n<li>Carolyn Warner, University of Nevada, Reno<\/li>\n<li>Alice Jackson, Morgan State University<\/li>\n<li>Scott Straus, University of California, Berkeley<\/li>\n<li>Kathleen Bruhn, University of California, Santa Barbara<\/li>\n<li>Cyril Ghosh, Clark University<\/li>\n<\/ul>\n<h4 class=\"wp-block-heading\"><strong>Learn More About APSA\u2019s Departmental Programs and Departmental Member Benefits<\/strong><\/h4>\n<p>The\u00a0<a href=\"https:\/\/apsanet.org\/programs\/dsp\">Departmental Services Program (DSP)<\/a>\u00a0provides a forum for political science departments, large and small, to address common issues and plan and develop publications and services for chairs, faculty, and students. The program, overseen by the\u00a0<a href=\"https:\/\/apsanet.org\/ABOUT\/Leadership-Governance\/Committees\/Academic-and-Professional-Development-Committees#CDS\">Departmental Services Committee<\/a>, supports political science teaching, scholarship, and service, and provides resources for department chairs.<\/p>\n<p>Join the over 500 departments of varying sizes and types participating in this program and benefit from this special connection to the discipline.<\/p>","protected":false},"excerpt":{"rendered":"<p>Join Us! Department Chairs&#8217; Mini-Conference at the 2024 APSA Annual Meeting | Friday, September 6 | 10:00 AM \u2013 3:30 PM APSA Department Members are invited to attend the Department Chairs&#8217; Mini-Conference and Luncheon at the 2024 American Political Science Association Annual Meeting.\u00a0 Suitable for new and current Department leaders of all types, the 2024 [&hellip;]<\/p>\n","protected":false},"author":25307,"featured_media":0,"parent":0,"menu_order":0,"comment_status":"closed","ping_status":"closed","template":"","meta":{"_bbp_topic_count":0,"_bbp_reply_count":0,"_bbp_total_topic_count":0,"_bbp_total_reply_count":0,"_bbp_voice_count":0,"_bbp_anonymous_reply_count":0,"_bbp_topic_count_hidden":0,"_bbp_reply_count_hidden":0,"_bbp_forum_subforum_count":0,"_monsterinsights_skip_tracking":false,"_monsterinsights_sitenote_active":false,"_monsterinsights_sitenote_note":"","_monsterinsights_sitenote_category":0,"footnotes":""},"class_list":["post-1989","page","type-page","status-publish","hentry"],"_links":{"self":[{"href":"https:\/\/connect.apsanet.org\/apsa2024\/wp-json\/wp\/v2\/pages\/1989","targetHints":{"allow":["GET"]}}],"collection":[{"href":"https:\/\/connect.apsanet.org\/apsa2024\/wp-json\/wp\/v2\/pages"}],"about":[{"href":"https:\/\/connect.apsanet.org\/apsa2024\/wp-json\/wp\/v2\/types\/page"}],"author":[{"embeddable":true,"href":"https:\/\/connect.apsanet.org\/apsa2024\/wp-json\/wp\/v2\/users\/25307"}],"replies":[{"embeddable":true,"href":"https:\/\/connect.apsanet.org\/apsa2024\/wp-json\/wp\/v2\/comments?post=1989"}],"version-history":[{"count":0,"href":"https:\/\/connect.apsanet.org\/apsa2024\/wp-json\/wp\/v2\/pages\/1989\/revisions"}],"wp:attachment":[{"href":"https:\/\/connect.apsanet.org\/apsa2024\/wp-json\/wp\/v2\/media?parent=1989"}],"curies":[{"name":"wp","href":"https:\/\/api.w.org\/{rel}","templated":true}]}}