{"id":124,"date":"2024-05-21T19:18:46","date_gmt":"2024-05-21T19:18:46","guid":{"rendered":"https:\/\/connect.apsanet.org\/ddrig\/?page_id=124"},"modified":"2025-10-02T19:24:13","modified_gmt":"2025-10-02T19:24:13","slug":"2020-doctoral-dissertation-research-improvement-grantees","status":"publish","type":"page","link":"https:\/\/connect.apsanet.org\/ddrig\/2020-doctoral-dissertation-research-improvement-grantees\/","title":{"rendered":"2020 Doctoral Dissertation Research Improvement Grantees"},"content":{"rendered":"\n<p><em>The American Political Science Association is pleased to announce the Doctoral Dissertation Research Grant (DDRIG) Awardees for 2020. The APSA DDRIG program provides support to enhance and improve the conduct of doctoral dissertation research in political science. Awards support basic research which is theoretically derived and empirically oriented.<\/em><\/p>\n\n\n\n<ul class=\"wp-block-list\">\n<li><strong><a href=\"#alsaeedi\">Safa al-Saeedi<\/a><\/strong>,&nbsp;<em>Northwestern University<\/em><\/li>\n\n\n\n<li><strong><a href=\"#asimovic\">Nejla Asimovic<\/a>,<\/strong>&nbsp;<em>New York University<\/em><\/li>\n\n\n\n<li><strong><a href=\"#carvalho\">Mariana Carvalho<\/a><\/strong>,&nbsp;<em>University of California<\/em><\/li>\n\n\n\n<li><strong><a href=\"#crabtree\">Kiela Crabtree<\/a><\/strong>,&nbsp;<em>University of Michigan<\/em><\/li>\n\n\n\n<li><strong><a href=\"#dey\">Nandini Dey<\/a><\/strong>,&nbsp;<em>Johns Hopkins University<\/em><\/li>\n\n\n\n<li><strong><a href=\"#jo\">Seo Nyeong Jo<\/a><\/strong>,&nbsp;<em>University of Minnesota<\/em><\/li>\n\n\n\n<li><strong><a href=\"#judgelord\">Devin Judge-Lord<\/a><\/strong>,&nbsp;<em>University of Wisconsin, Madison<\/em><\/li>\n\n\n\n<li><strong><a href=\"#kim\">Daegyeong Kim<\/a><\/strong>,&nbsp;<em>University of California, San Diego<\/em><\/li>\n\n\n\n<li><strong><a href=\"#kuipers\">Nicholas Kuipers<\/a><\/strong>,&nbsp;<em>University of California, Berkeley<\/em><\/li>\n\n\n\n<li><strong><a href=\"#kumar\">Rithika Kumar<\/a>,<\/strong>&nbsp;<em>University of Pennsylvania<\/em><\/li>\n\n\n\n<li><strong><a href=\"#li\">Zeren Li<\/a><\/strong>,&nbsp;<em>Duke University<\/em><\/li>\n\n\n\n<li><strong><a href=\"#marshall\">Andrew Marshall<\/a><\/strong>,&nbsp;<em>Georgetown University<\/em><\/li>\n\n\n\n<li><strong><a href=\"#martinez\">C\u00e9sar B. Mart\u00ednez-\u00c1lvarez<\/a><\/strong>,&nbsp;<em>University of California, Los Angeles<\/em><\/li>\n\n\n\n<li><strong><a href=\"#nwakanma\">Pamela Nwakanma<\/a><\/strong>,<em>&nbsp;Harvard University<\/em><\/li>\n\n\n\n<li><strong><a href=\"#pascu\">Andra Pascu<\/a><\/strong>,&nbsp;<em>Rice University<\/em><\/li>\n\n\n\n<li><strong><a href=\"#perez\">Estefania Casta\u00f1eda P\u00e9rez<\/a><\/strong>,&nbsp;<em>University of California, Los Angeles<\/em><\/li>\n\n\n\n<li><strong><a href=\"#podob\">Andrew Podob<\/a><\/strong>,&nbsp;<em>The Ohio State University<\/em><\/li>\n\n\n\n<li><strong><a href=\"#safarpour\">Alauna Safarpour<\/a>,<\/strong>&nbsp;<em>University of Maryland, College Park<\/em><\/li>\n\n\n\n<li><strong><a href=\"#slaughter\">Christine Slaughter<\/a><\/strong>,&nbsp;<em>University of California, Los Angeles<\/em><\/li>\n\n\n\n<li><strong><a href=\"#solano\">Romelia Solano<\/a><\/strong>,&nbsp;<em>University of Notre Dame<\/em><\/li>\n\n\n\n<li><strong><a href=\"#sung\">Yu-Hsien Sung<\/a><\/strong>,&nbsp;<em>University of South Carolina<\/em><\/li>\n\n\n\n<li><strong><a href=\"#ternovski\">John Ternovski<\/a>,<\/strong>&nbsp;<em>Yale University<\/em><\/li>\n\n\n\n<li><strong><a href=\"#tran\">Thuy Anh Tran<\/a><\/strong>,&nbsp;<em>City University of New York Graduate Center<\/em><\/li>\n<\/ul>\n\n\n<div class=\"wp-block-image\">\n<figure class=\"alignleft\" id=\"alsaeedi\"><img loading=\"lazy\" decoding=\"async\" width=\"138\" height=\"196\" src=\"https:\/\/connect.apsanet.org\/ddrig\/wp-content\/uploads\/sites\/106\/2024\/05\/1637401985610739285.png\" alt=\"Safa al-Saeddi\" class=\"wp-image-125\" \/><\/figure>\n<\/div>\n\n\n<p><b><strong style=\"font-style: inherit\">Safa al-Saeedi&nbsp;<\/strong><\/b>is a PhD candidate in political science at Northwestern University. Her research has been supported by the National Foundation of Science, the American Political Science Association, the Institute for Humane Studies, and the Northwestern Graduate School, among others. She received her BA, with distinction, from Duke University and her MA from Northwestern University\u2019s Political Science Department.<\/p>\n\n\n\n<div style=\"height:5px\" aria-hidden=\"true\" class=\"wp-block-spacer\"><\/div>\n\n\n<div class=\"wp-block-image\">\n<figure class=\"alignleft\" id=\"asimovic\"><img loading=\"lazy\" decoding=\"async\" width=\"138\" height=\"196\" src=\"https:\/\/connect.apsanet.org\/ddrig\/wp-content\/uploads\/sites\/106\/2024\/05\/2637401985699154410.png\" alt=\"Nelja Asimovic\" class=\"wp-image-126\" \/><\/figure>\n<\/div>\n\n\n<p><b><strong style=\"font-style: inherit\">Nejla Asimovic&nbsp;<\/strong><\/b>is a PhD candidate in the Department of Politics at New York University.&nbsp;From Bosnia-Herzegovina, Nejla received her undergraduate degree from Hamilton College, where she studied World Politics and Mathematics.<\/p>\n\n\n\n<div style=\"height:5px\" aria-hidden=\"true\" class=\"wp-block-spacer\"><\/div>\n\n\n<div class=\"wp-block-image\">\n<figure class=\"alignleft\" id=\"carvalho\"><img loading=\"lazy\" decoding=\"async\" width=\"138\" height=\"196\" src=\"https:\/\/connect.apsanet.org\/ddrig\/wp-content\/uploads\/sites\/106\/2024\/05\/3637401985786968221.png\" alt=\"Mariana Carvalho\" class=\"wp-image-127\" \/><\/figure>\n<\/div>\n\n\n<p><b><strong style=\"font-style: inherit\">Mariana Carvalho<\/strong><\/b>\u00a0is a PhD candidate in Political Science at University of California, San Diego. Originally from Rio de Janeiro, Brazil, Mariana obtained her undergraduate degree from Funda\u00e7\u00e3o Getulio Vargas, where she also obtained a Master&#8217;s in Public Administration.<\/p>\n\n\n\n<div style=\"height:5px\" aria-hidden=\"true\" class=\"wp-block-spacer\"><\/div>\n\n\n<div class=\"wp-block-image\">\n<figure class=\"alignleft\" id=\"crabtree\"><img loading=\"lazy\" decoding=\"async\" width=\"138\" height=\"196\" src=\"https:\/\/connect.apsanet.org\/ddrig\/wp-content\/uploads\/sites\/106\/2024\/05\/4637401985873219613.png\" alt=\"Kiela Crabtree\" class=\"wp-image-128\" \/><\/figure>\n<\/div>\n\n\n<p><b><strong style=\"font-style: inherit\">Kiela Crabtree<\/strong><\/b>&nbsp;is a PhD Candidate in Political Science at the University of Michigan. Kiela has been a visiting researcher at the Peace Research Institute in Oslo (PRIO) and her work has&nbsp;also been&nbsp;supported by the Center for Political Studies. Originally from Nashville, Tennessee, Kiela received her B.A. in Politics from Sewanee: The University of the South.<\/p>\n\n\n\n<div style=\"height:5px\" aria-hidden=\"true\" class=\"wp-block-spacer\"><\/div>\n\n\n<div class=\"wp-block-image\">\n<figure class=\"alignleft\" id=\"dey\"><img loading=\"lazy\" decoding=\"async\" width=\"138\" height=\"196\" src=\"https:\/\/connect.apsanet.org\/ddrig\/wp-content\/uploads\/sites\/106\/2024\/05\/5637401985971789164.png\" alt=\"Nandini Dey\" class=\"wp-image-129\" \/><\/figure>\n<\/div>\n\n\n<p><b><strong style=\"font-style: inherit\">Nandini Dey<\/strong><\/b>&nbsp;is a PhD Candidate at the Department of Political Science, Johns Hopkins University. Previously, she earned her Bachelor of Arts (Honours) in Political Science from the University of Delhi, India, and a Master of Science in History from the University of Edinburgh, UK. She also has experience in academic publishing, having worked as an editor for history, religion, and philosophy books at Oxford University Press in New Delhi, India. Nandini was a member of the first class of the APSA Public Scholarship Program in 2019.<\/p>\n\n\n\n<div style=\"height:5px\" aria-hidden=\"true\" class=\"wp-block-spacer\"><\/div>\n\n\n<div class=\"wp-block-image\">\n<figure class=\"alignleft\" id=\"jo\"><img loading=\"lazy\" decoding=\"async\" width=\"138\" height=\"196\" src=\"https:\/\/connect.apsanet.org\/ddrig\/wp-content\/uploads\/sites\/106\/2024\/05\/6637401986050236240.png\" alt=\"Seo Nyeong Holly Jo\" class=\"wp-image-130\" \/><\/figure>\n<\/div>\n\n\n<p><b><strong style=\"font-style: inherit\">Seo Nyeong Holly Jo<\/strong><\/b>\u00a0is a doctoral candidate in political science at the University of Minnesota, Twin Cities. Seo Nyeong received her M.A. in political science and international relations from Korea University, Seoul in 2015, and her B.A. in political science from Macalester College, St. Paul, MN in 2011.<\/p>\n\n\n\n<div style=\"height:5px\" aria-hidden=\"true\" class=\"wp-block-spacer\"><\/div>\n\n\n<div class=\"wp-block-image\">\n<figure class=\"alignleft\" id=\"judgelord\"><img loading=\"lazy\" decoding=\"async\" width=\"138\" height=\"196\" src=\"https:\/\/connect.apsanet.org\/ddrig\/wp-content\/uploads\/sites\/106\/2024\/05\/7637401986162581523.png\" alt=\"Devin Judge-Lord\" class=\"wp-image-131\" \/><\/figure>\n<\/div>\n\n\n<p><b><strong style=\"font-style: inherit\">Devin Judge-Lord<\/strong><\/b>&nbsp;is a Ph.D. Candidate at the University of Wisconsin-Madison. He manages two political science research labs and has taught Public Policy and Computational Social Science.<\/p>\n\n\n\n<div style=\"height:5px\" aria-hidden=\"true\" class=\"wp-block-spacer\"><\/div>\n\n\n<div class=\"wp-block-image\">\n<figure class=\"alignleft\" id=\"kim\"><img loading=\"lazy\" decoding=\"async\" width=\"138\" height=\"196\" src=\"https:\/\/connect.apsanet.org\/ddrig\/wp-content\/uploads\/sites\/106\/2024\/05\/8637401986310058578.png\" alt=\"Daegyeong (\u201cD.G.\u201d) Kimki\" class=\"wp-image-132\" \/><\/figure>\n<\/div>\n\n\n<p><b><strong style=\"font-style: inherit\">Daegyeong (\u201cD.G.\u201d) Kim<\/strong><\/b>&nbsp;is a PhD candidate in political science at the University of California, San Diego. D.G. received his undergraduate degree from Cornell University.<\/p>\n\n\n\n<div style=\"height:5px\" aria-hidden=\"true\" class=\"wp-block-spacer\"><\/div>\n\n\n<div class=\"wp-block-image\">\n<figure class=\"alignleft\" id=\"kuipers\"><img loading=\"lazy\" decoding=\"async\" width=\"138\" height=\"196\" src=\"https:\/\/connect.apsanet.org\/ddrig\/wp-content\/uploads\/sites\/106\/2024\/05\/9637401986410107638.png\" alt=\"Nicholas Kuipers\" class=\"wp-image-133\" \/><\/figure>\n<\/div>\n\n\n<p><b><strong style=\"font-style: inherit\">Nicholas Kuipers<\/strong><\/b>&nbsp;is a PhD candidate in political science at the University of California, Berkeley, studying comparative politics. Nicholas\u2019 research has been supported by the Institute for International Studies, the Southeast Asia Research Group (SEAREG), and the Weiss Family Fund. He is also a research associate at the Center on the Politics of Development. A graduate of Oberlin College, he worked in Jakarta before graduate school at Saiful Mujani Research &amp; Consulting, a political consultancy specializing in public opinion surveys.&nbsp;<a href=\"http:\/\/www.nicholaskuipers.com\/\">Nicholas&nbsp;<\/a>also received a Fulbright grant to Indonesia in 2014-2015.<\/p>\n\n\n\n<div style=\"height:5px\" aria-hidden=\"true\" class=\"wp-block-spacer\"><\/div>\n\n\n<div class=\"wp-block-image\">\n<figure class=\"alignleft\" id=\"kumar\"><img loading=\"lazy\" decoding=\"async\" width=\"138\" height=\"196\" src=\"https:\/\/connect.apsanet.org\/ddrig\/wp-content\/uploads\/sites\/106\/2024\/05\/10637401986517368460.png\" alt=\"Rithika Kumar\" class=\"wp-image-134\" \/><\/figure>\n<\/div>\n\n\n<p><b><strong style=\"font-style: inherit\">Rithika Kumar<\/strong><\/b>&nbsp;is a PhD Candidate in Political Science at the University of Pennsylvania. Her research is generously supported by the APSA Dissertation Research Improvement Grant, Judith Rodin Fellowship, Center for the Advanced Study of India (CASI) and Fox Leadership Institute. Prior to starting at Penn, Rithika was a Research Associate at IDFC Institute, a think-tank in Mumbai, India where she worked on political economy issues related to state capacity and electoral politics. She holds a Master\u2019s in Economics from Mumbai University and a Bachelor\u2019s in Economics and Statistics from St. Xavier\u2019s College, Mumbai.<\/p>\n\n\n\n<div style=\"height:5px\" aria-hidden=\"true\" class=\"wp-block-spacer\"><\/div>\n\n\n<div class=\"wp-block-image\">\n<figure class=\"alignleft\" id=\"li\"><img loading=\"lazy\" decoding=\"async\" width=\"138\" height=\"196\" src=\"https:\/\/connect.apsanet.org\/ddrig\/wp-content\/uploads\/sites\/106\/2024\/05\/11637401986609613058.png\" alt=\"Zeren Li\" class=\"wp-image-135\" \/><\/figure>\n<\/div>\n\n\n<p><b><strong style=\"font-style: inherit\">Zeren Li<\/strong><\/b>&nbsp;is a PhD Candidate of Political Science at Duke University. Before joining Duke, he obtained a MPhil from the Hong Kong University of Science &amp; Technology, and a LLB from Fudan University. His research has been funded by institutions including Google Cloud Platform, the Chiang Ching- Kuo Foundation, and other research grants.<\/p>\n\n\n\n<div style=\"height:5px\" aria-hidden=\"true\" class=\"wp-block-spacer\"><\/div>\n\n\n<div class=\"wp-block-image\">\n<figure class=\"alignleft\" id=\"marshall\"><img loading=\"lazy\" decoding=\"async\" width=\"138\" height=\"196\" src=\"https:\/\/connect.apsanet.org\/ddrig\/wp-content\/uploads\/sites\/106\/2024\/05\/12637401986701510522.png\" alt=\"Andrew Marshall\" class=\"wp-image-136\" \/><\/figure>\n<\/div>\n\n\n<p><b><strong style=\"font-style: inherit\">Andrew Marshall<\/strong><\/b>&nbsp;is a comparative government PhD candidate in Georgetown University\u2019s Department of Government.  Andrew has earned multiple competitive research and training grants, including the U.S. Education Department\u2019s Fulbright-Hays Doctoral Dissertation Research Abroad (DDRA) Fellowship and the U.S. State Department\u2019s Critical Language Scholarship for advanced Kiswahili study. Hailing from Phillips, Wisconsin, he received a BA in international affairs and history from Marquette University and an MA in international affairs from American University and served as a Jesuit Volunteer in Tanzania. More information on his work is available on his&nbsp;<a href=\"https:\/\/andrewmarshall.georgetown.domains\/\">website.<\/a><\/p>\n\n\n\n<div style=\"height:5px\" aria-hidden=\"true\" class=\"wp-block-spacer\"><\/div>\n\n\n<div class=\"wp-block-image\">\n<figure class=\"alignleft\" id=\"martinez\"><img loading=\"lazy\" decoding=\"async\" width=\"138\" height=\"196\" src=\"https:\/\/connect.apsanet.org\/ddrig\/wp-content\/uploads\/sites\/106\/2024\/05\/13637401986919089852.png\" alt=\"Cesar B. Martinez-Alvarez\" class=\"wp-image-137\" \/><\/figure>\n<\/div>\n\n\n<p><b><strong style=\"font-style: inherit\">Cesar B. Martinez-Alvarez<\/strong><\/b>&nbsp;is a PhD candidate in political science at the University of California, Los Angeles. Before UCLA, he completed a master&#8217;s in international policy studies at Stanford University, where he was a Fulbright Scholar, and a BA in International Relations at El Colegio de Mexico. His professional experience includes the National Institute of Ecology and Climate Change of Mexico as well as external consultancy work for USAID and the United Nations Development Program in Mexico.<\/p>\n\n\n\n<div style=\"height:5px\" aria-hidden=\"true\" class=\"wp-block-spacer\"><\/div>\n\n\n<div class=\"wp-block-image\">\n<figure class=\"alignleft\" id=\"nwakanma\"><img loading=\"lazy\" decoding=\"async\" width=\"138\" height=\"196\" src=\"https:\/\/connect.apsanet.org\/ddrig\/wp-content\/uploads\/sites\/106\/2024\/05\/14637401987009091197.png\" alt=\"Adaugo Pamela Nwakanma\" class=\"wp-image-138\" \/><\/figure>\n<\/div>\n\n\n<p><b><strong style=\"font-style: inherit\">Adaugo Pamela Nwakanma<\/strong><\/b>&nbsp;is a PhD candidate in the Department of Government with a secondary field in the Department of African and African American Studies at Harvard University.  Prior to her doctoral studies, Nwakanma worked as an Urban Education Fellow and Vice-HBO Translator in New York City. She received her B.A in International Studies-Economics&nbsp;with a secondary field&nbsp;in Linguistics from the University of California, San Diego in 2014.<\/p>\n\n\n\n<div style=\"height:5px\" aria-hidden=\"true\" class=\"wp-block-spacer\"><\/div>\n\n\n<div class=\"wp-block-image\">\n<figure class=\"alignleft\" id=\"pascu\"><img loading=\"lazy\" decoding=\"async\" width=\"138\" height=\"196\" src=\"https:\/\/connect.apsanet.org\/ddrig\/wp-content\/uploads\/sites\/106\/2024\/05\/15637401987094405036.png\" alt=\"Andra Pascu-Lindner\" class=\"wp-image-139\" \/><\/figure>\n<\/div>\n\n\n<p><b><strong style=\"font-style: inherit\">Andra Pascu-Lindner<\/strong><\/b>&nbsp;is a PhD candidate in Political Science at Rice University in Houston, Texas.&nbsp; Her dissertation research is generously supported by the APSA Doctoral Dissertation Research Improvement Grant, as well as funding from the Social Sciences Research Institute and the Doerr Institute at Rice University.&nbsp; Originally from Romania, Andra received her BA degree in International Politics and Economics, with a Spanish minor, from Middlebury College in Middlebury, Vermont. She studied abroad at Sciences Po Paris, in the French-language political science program. Outside of academia, she has worked as a policy analyst for the Romanian Ministry of Foreign Affairs, and as a consular assistant to the Romanian Honorary Consulate to Houston.<\/p>\n\n\n\n<div style=\"height:5px\" aria-hidden=\"true\" class=\"wp-block-spacer\"><\/div>\n\n\n<div class=\"wp-block-image\">\n<figure class=\"alignleft\" id=\"perez\"><img loading=\"lazy\" decoding=\"async\" width=\"138\" height=\"196\" src=\"https:\/\/connect.apsanet.org\/ddrig\/wp-content\/uploads\/sites\/106\/2024\/05\/16637401987230933490.png\" alt=\"Estefania Casta\u00f1eda P\u00e9rez\" class=\"wp-image-140\" \/><\/figure>\n<\/div>\n\n\n<p><b><strong style=\"font-style: inherit\">Estefania Casta\u00f1eda P\u00e9rez<\/strong><\/b>&nbsp;is doctoral candidate at the UCLA Department of Political Science.  Her research is supported by the National Science Foundation and the Ford Foundation. Casta\u00f1eda P\u00e9rez has a master\u2019s degree in political science from UCLA, and a bachelor\u2019s degree in political science with an honors minor in interdisciplinary studies from San Diego State University.<\/p>\n\n\n\n<div style=\"height:5px\" aria-hidden=\"true\" class=\"wp-block-spacer\"><\/div>\n\n\n<div class=\"wp-block-image\">\n<figure class=\"alignleft\" id=\"podob\"><img loading=\"lazy\" decoding=\"async\" width=\"138\" height=\"196\" src=\"https:\/\/connect.apsanet.org\/ddrig\/wp-content\/uploads\/sites\/106\/2024\/05\/17637401987319684700.png\" alt=\"Andrew Podob\" class=\"wp-image-141\" \/><\/figure>\n<\/div>\n\n\n<p><b><strong style=\"font-style: inherit\">Andrew Podob<\/strong><\/b>&nbsp;is a PhD candidate at The Ohio State University with concentrations in political psychology and American politics. He received his Bachelor of Arts degree in Government and Politics from the University of Maryland in 2015. His degree was received&nbsp;cum laude&nbsp;and he was selected by his department to be the graduation student speaker.<\/p>\n\n\n\n<div style=\"height:5px\" aria-hidden=\"true\" class=\"wp-block-spacer\"><\/div>\n\n\n<div class=\"wp-block-image\">\n<figure class=\"alignleft\" id=\"safarpour\"><img loading=\"lazy\" decoding=\"async\" width=\"138\" height=\"196\" src=\"https:\/\/connect.apsanet.org\/ddrig\/wp-content\/uploads\/sites\/106\/2024\/05\/18637401987418750507.png\" alt=\"Alauna Safarpour\" class=\"wp-image-142\" \/><\/figure>\n<\/div>\n\n\n<p><b><strong style=\"font-style: inherit\">Alauna Safarpour<\/strong><\/b>&nbsp;is a Ph.D. candidate in the Department of Government and Politics at the University of Maryland.&nbsp;Alauna is currently a public opinion polling fellow at&nbsp;The Washington Post. Alauna obtained her B.A. in Political Science and History from the University of North Carolina Chapel Hill in 2013. She obtained a Certificate in Paralegal Studies from Duke University in 2014, a Masters in Political Science from American University in 2015, and a Masters in Government and Politics from the University of Maryland in 2019. Alauna was also a 2019 participant in the&nbsp;Z\u00fcrich Summer School for Women in Political Methodology at the&nbsp;University of Z\u00fcrich, Switzerland (UZH).<\/p>\n\n\n\n<div style=\"height:5px\" aria-hidden=\"true\" class=\"wp-block-spacer\"><\/div>\n\n\n<div class=\"wp-block-image\">\n<figure class=\"alignleft\" id=\"slaughter\"><img loading=\"lazy\" decoding=\"async\" width=\"138\" height=\"196\" src=\"https:\/\/connect.apsanet.org\/ddrig\/wp-content\/uploads\/sites\/106\/2024\/05\/19637401988028486704.png\" alt=\"Christine Marie Slaughter\" class=\"wp-image-143\" \/><\/figure>\n<\/div>\n\n\n<p><b><strong style=\"font-style: inherit\">Christine Marie Slaughter<\/strong><\/b>\u00a0is a PhD Candidate in the Department of Political Science at the University of California, Los Angeles. Prior to UCLA, she graduated with a BA in Political Science and Comparative Women&#8217;s Studies from Spelman College, a historically Black women\u2019s college in Atlanta, Georgia.<\/p>\n\n\n\n<div style=\"height:5px\" aria-hidden=\"true\" class=\"wp-block-spacer\"><\/div>\n\n\n<div class=\"wp-block-image\">\n<figure class=\"alignleft\" id=\"solano\"><img loading=\"lazy\" decoding=\"async\" width=\"138\" height=\"196\" src=\"https:\/\/connect.apsanet.org\/ddrig\/wp-content\/uploads\/sites\/106\/2024\/05\/20637401988108313155.png\" alt=\"Romelia M. Solano\" class=\"wp-image-144\" \/><\/figure>\n<\/div>\n\n\n<p><b><strong style=\"font-style: inherit\">Romelia M. Solano<\/strong><\/b>&nbsp;is a Ph.D. candidate in political science at the University of Notre Dame, a Joseph L. Gaia Distinguished Fellow in the Institute for Latino Studies, and a 2015 Ralph Bunche Summer Institute Fellow. She holds a B.A. in political science and Latino Studies from the University of Illinois at Urbana-Champaign.<\/p>\n\n\n\n<div style=\"height:5px\" aria-hidden=\"true\" class=\"wp-block-spacer\"><\/div>\n\n\n<div class=\"wp-block-image\">\n<figure class=\"alignleft\" id=\"sung\"><img loading=\"lazy\" decoding=\"async\" width=\"138\" height=\"196\" src=\"https:\/\/connect.apsanet.org\/ddrig\/wp-content\/uploads\/sites\/106\/2024\/05\/21637401988208783302.png\" alt=\"Yu-Hsein Sung\" class=\"wp-image-145\" \/><\/figure>\n<\/div>\n\n\n<p><b><strong style=\"font-style: inherit\">Yu-Hsien Sung&nbsp;<\/strong><\/b>is a PhD student in political science and a master\u2019s student in applied statistics at the University of South Carolina. She holds a BA and an MA in Political Science from National Cheng Kung University in Taiwan.<\/p>\n\n\n\n<div style=\"height:5px\" aria-hidden=\"true\" class=\"wp-block-spacer\"><\/div>\n\n\n<div class=\"wp-block-image\">\n<figure class=\"alignleft\" id=\"ternovski\"><img loading=\"lazy\" decoding=\"async\" width=\"138\" height=\"196\" src=\"https:\/\/connect.apsanet.org\/ddrig\/wp-content\/uploads\/sites\/106\/2024\/05\/22637401988293261613.png\" alt=\"John Ternovski\" class=\"wp-image-146\" \/><\/figure>\n<\/div>\n\n\n<p><b><strong style=\"font-style: inherit\">John Ternovski<\/strong><\/b>&nbsp;is a PhD candidate in the Department of Political Science at Yale University. Previously, he was a Research Fellow at the Harvard Kennedy School at the Student Social Support R&amp;D Lab, a lab specializing in large-scale field experiments in education. Prior to that, he served as the Director of Analytics at the Analyst Institute, a company that designed, implemented, and analyzed large-scale field experiments for a variety of major non-profits and campaigns. He has also worked as a freelance data and analytics consultant. He holds an MA in Statistics from Yale, an MSc in Social Science of the Internet from Oxford University, and a BA in Economics from Dartmouth College.<\/p>\n\n\n\n<div style=\"height:5px\" aria-hidden=\"true\" class=\"wp-block-spacer\"><\/div>\n\n\n<div class=\"wp-block-image\">\n<figure class=\"alignleft\" id=\"tran\"><img loading=\"lazy\" decoding=\"async\" width=\"138\" height=\"196\" src=\"https:\/\/connect.apsanet.org\/ddrig\/wp-content\/uploads\/sites\/106\/2024\/05\/23637401988383856198.png\" alt=\"Thuy Anh Tran\" class=\"wp-image-147\" \/><\/figure>\n<\/div>\n\n\n<p><b><strong style=\"font-style: inherit\">Thuy Anh Tran<\/strong><\/b>&nbsp;is completing her PhD at CUNY Graduate Center. <\/p>\n","protected":false},"excerpt":{"rendered":"<p>The American Political Science Association is pleased to announce the Doctoral Dissertation Research Grant (DDRIG) Awardees for 2020. The APSA DDRIG program provides support to enhance and improve the conduct of doctoral dissertation research in political science. Awards support basic research which is theoretically derived and empirically oriented. Safa al-Saeedi&nbsp;is a PhD candidate in political &hellip; <\/p>\n<p class=\"link-more\"><a href=\"https:\/\/connect.apsanet.org\/ddrig\/2020-doctoral-dissertation-research-improvement-grantees\/\" class=\"more-link\">Continue reading<span class=\"screen-reader-text\"> &#8220;2020 Doctoral Dissertation Research Improvement Grantees&#8221;<\/span><\/a><\/p>\n","protected":false},"author":25307,"featured_media":0,"parent":0,"menu_order":0,"comment_status":"closed","ping_status":"closed","template":"","meta":{"_bbp_topic_count":0,"_bbp_reply_count":0,"_bbp_total_topic_count":0,"_bbp_total_reply_count":0,"_bbp_voice_count":0,"_bbp_anonymous_reply_count":0,"_bbp_topic_count_hidden":0,"_bbp_reply_count_hidden":0,"_bbp_forum_subforum_count":0,"_monsterinsights_skip_tracking":false,"_monsterinsights_sitenote_active":false,"_monsterinsights_sitenote_note":"","_monsterinsights_sitenote_category":0,"footnotes":""},"class_list":["post-124","page","type-page","status-publish","hentry"],"_links":{"self":[{"href":"https:\/\/connect.apsanet.org\/ddrig\/wp-json\/wp\/v2\/pages\/124","targetHints":{"allow":["GET"]}}],"collection":[{"href":"https:\/\/connect.apsanet.org\/ddrig\/wp-json\/wp\/v2\/pages"}],"about":[{"href":"https:\/\/connect.apsanet.org\/ddrig\/wp-json\/wp\/v2\/types\/page"}],"author":[{"embeddable":true,"href":"https:\/\/connect.apsanet.org\/ddrig\/wp-json\/wp\/v2\/users\/25307"}],"replies":[{"embeddable":true,"href":"https:\/\/connect.apsanet.org\/ddrig\/wp-json\/wp\/v2\/comments?post=124"}],"version-history":[{"count":0,"href":"https:\/\/connect.apsanet.org\/ddrig\/wp-json\/wp\/v2\/pages\/124\/revisions"}],"wp:attachment":[{"href":"https:\/\/connect.apsanet.org\/ddrig\/wp-json\/wp\/v2\/media?parent=124"}],"curies":[{"name":"wp","href":"https:\/\/api.w.org\/{rel}","templated":true}]}}