{"id":185,"date":"2017-07-28T12:09:22","date_gmt":"2017-07-28T18:09:22","guid":{"rendered":"https:\/\/connect.apsanet.org\/s11\/?page_id=185"},"modified":"2019-09-18T15:23:30","modified_gmt":"2019-09-18T21:23:30","slug":"executive-committee","status":"publish","type":"page","link":"https:\/\/connect.apsanet.org\/s11\/executive-committee\/","title":{"rendered":"Executive Committee"},"content":{"rendered":"\n<div class=\"twitter-share\"><a href=\"https:\/\/twitter.com\/intent\/tweet?via=apsa_section11\" class=\"twitter-share-button\">Tweet<\/a><\/div>\n<p><span style=\"color: #800000\"><strong>2019 -2020<\/strong><\/span><\/p>\n<hr \/>\n<p><strong>Chair-Elect<\/strong><\/p>\n<p><a href=\"http:\/\/amyericasmith.org\/\" target=\"_blank\" rel=\"noopener noreferrer\">Amy Erica Smith &#8211; Associate Professor of Political Science at Iowa State University<\/a><\/p>\n<p style=\"text-align: justify\"><a href=\"http:\/\/amyericasmith.org\/\" target=\"_blank\" rel=\"noopener noreferrer\"><img loading=\"lazy\" decoding=\"async\" class=\"size-thumbnail alignleft\" src=\"http:\/\/amyericasmith.org\/wp-content\/uploads\/2019\/09\/AmyEricaSmith_4_cropped-287x300.jpg\" width=\"287\" height=\"300\" \/><\/a>My research examines how citizens around the world interact with each other and their representatives to shape democracy and authoritarianism. In my recent work, I focus on the religious communities and ideas that mold politics. My areas of greatest regional expertise are Latin America, and particularly Brazil. Over the past couple of years, I have also been studying the intersection of gender and academia.<\/p>\n<p style=\"text-align: justify\">My book, <a href=\"http:\/\/amyericasmith.org\/religion-and-brazilian-democracy\/\" target=\"_blank\" rel=\"noopener noreferrer\">Religion and Brazilian Democracy: Mobilizing the People of God<\/a>, is forthcoming at Cambridge University Press, and my articles have appeared in a number of peer-reviewed outlets, including the American Journal of Political Science, the British Journal of Political Science, and Comparative Political Studies. I am on the editorial board of Politics &amp; Religion and an Associate Editor of the Oxford Research Encyclopedia of Religion and Politics. I\u2019ve recently joined the in-house blogging teams of Vox Mischiefs of Faction and Religion in Public, and I\u2019ve also blogged for the Washington Post\u2018s Monkey Cage and Duck of Minerva, among other venues.<\/p>\n<p style=\"text-align: justify\">In September 2016, I received the Award for Early Achievement in Research from the College of Liberal Arts and Sciences at Iowa State. My work has been funded by Fulbright and the National Science Foundation; I have been a Visiting Fellow at Notre Dame\u2019s Kellogg Institute for International Studies (2016-2017 academic year); and I am proudly affiliated with the <a href=\"http:\/\/www.lapopsurveys.org\/\" target=\"_blank\" rel=\"noopener noreferrer\">Latin American Public Opinion Project<\/a>.<\/p>\n<hr \/>\n<p><strong>Secretary-Treasurer<\/strong><\/p>\n<p style=\"text-align: justify\"><a href=\"https:\/\/sciences.ucf.edu\/politics\/person\/gunes-murat-tezcur\/\" target=\"_blank\" rel=\"noopener noreferrer\">G\u00fcne\u015f Murat Tezc\u00fcr &#8211; University of Central Florida, School of Politics, Security, and International Affairs<\/a><\/p>\n<p style=\"text-align: justify\"><a href=\"http:\/\/www.tezcur.org\" target=\"_blank\" rel=\"noopener noreferrer\"><img loading=\"lazy\" decoding=\"async\" class=\"alignleft\" src=\"https:\/\/sciences.ucf.edu\/politics\/wp-content\/uploads\/sites\/29\/2019\/04\/Gunes-Murat-Tezcur.jpg\" width=\"192\" height=\"252\" \/><\/a>G\u00fcne\u015f Murat Tezc\u00fcr (PhD, University of Michigan, 2005) is the Jalal Talabani Chair and Professor at the School of Politics, Security, and International Affairs at the University of Central Florida at UCF. He also directs the UCF&#8217;s Kurdish Political Studies Program. He is a social scientist studying political violence, religious politics, democratization, and human security with a focus on Iranian, Kurdish, and Turkish human geography.\u00a0<span style=\"color: black;font-family: -webkit-standard;font-size: medium\">His articles has been published in\u00a0<\/span><i>American Political Science\u00a0<\/i><span style=\"color: black;font-family: -webkit-standard;font-size: medium\"><i>Review<\/i><\/span><i>, Comparative Politics, Conflict Management and Peace Science,\u00a0Journal of Peace\u00a0<\/i><span style=\"color: black;font-family: -webkit-standard;font-size: medium\"><i>Research<\/i><\/span><i>, Journal for the Scientific Study of Religion,\u00a0<\/i><i>Perspectives on Politics, Politics and Gender<\/i>,<i>\u00a0<\/i><i>Politics of Religion\u00a0<\/i><span style=\"color: black;font-family: -webkit-standard;font-size: medium\">in\u00a0addition to many other journals. He is also the author of\u00a0<i><a title=\"https:\/\/www.amazon.com\/Muslim-Reformers-Iran-Turkey-Moderation\/dp\/0292721978\/\" href=\"https:\/\/www.amazon.com\/Muslim-Reformers-Iran-Turkey-Moderation\/dp\/0292721978\/\" target=\"_blank\" rel=\"noopener noreferrer\" data-saferedirecturl=\"https:\/\/www.google.com\/url?q=https:\/\/www.amazon.com\/Muslim-Reformers-Iran-Turkey-Moderation\/dp\/0292721978\/&amp;source=gmail&amp;ust=1568927855275000&amp;usg=AFQjCNFawM13GJPmNtCqEtv6CHH8ROXklg\">Muslim Reformers in Iran and Turkey<\/a>\u00a0<\/i>(University of Texas Press, 2010) and\u00a0the editor of several books and volumes including the\u00a0<i>Oxford Handbook of Turkish Politics<\/i>\u00a0(Oxford University Press, forthcoming). He serves as an Associate Editor of\u00a0<a title=\"https:\/\/oxfordre.com\/politics\/page\/politics-and-religion\/the-oxford-encyclopedia-of-politics-and-religion\" href=\"https:\/\/oxfordre.com\/politics\/page\/politics-and-religion\/the-oxford-encyclopedia-of-politics-and-religion\" target=\"_blank\" rel=\"noopener noreferrer\" data-saferedirecturl=\"https:\/\/www.google.com\/url?q=https:\/\/oxfordre.com\/politics\/page\/politics-and-religion\/the-oxford-encyclopedia-of-politics-and-religion&amp;source=gmail&amp;ust=1568927855275000&amp;usg=AFQjCNEHH4rJpJKncpdtIpvcfpthLgYWRw\">Oxford Research Encyclopedia of Politics and Religion<\/a>\u00a0and served on the editorial board of\u00a0<i>International Journal of Middle East Studies.\u00a0<\/i><\/span>His main\u00a0<a title=\"https:\/\/preprints.apsanet.org\/engage\/apsa\/article-details\/5d7faeeae3ac440012382611\" href=\"https:\/\/preprints.apsanet.org\/engage\/apsa\/article-details\/5d7faeeae3ac440012382611\" target=\"_blank\" rel=\"noopener noreferrer\" data-saferedirecturl=\"https:\/\/www.google.com\/url?q=https:\/\/preprints.apsanet.org\/engage\/apsa\/article-details\/5d7faeeae3ac440012382611&amp;source=gmail&amp;ust=1568927855275000&amp;usg=AFQjCNEabSqrpR5vdqAeZ1qXvbJnFVq7BA\">current research project<\/a> examines the relationship between religion and violence with a historical focus on minorities in the Middle East including Yezidis and Alevis.<\/p>\n<hr \/>\n<p><img loading=\"lazy\" decoding=\"async\" class=\"size-thumbnail wp-image-376 alignright\" src=\"https:\/\/connect.apsanet.org\/s11\/wp-content\/uploads\/sites\/17\/2018\/09\/andre_Audette-150x150.jpg\" alt=\"\" width=\"150\" height=\"150\" \/><a href=\"http:\/\/www.monmouthcollege.edu\/academics\/faculty.aspx?id=0941990\" target=\"_blank\" rel=\"noopener noreferrer\">Andre Audette &#8211; Monmouth College<\/a><\/p>\n<p style=\"text-align: justify\"><strong>Academic Biography:<\/strong><br \/>\nI am what you might call a lifelong politics nerd. In kindergarten my claim to fame was that I could name all of the U.S. presidents in order, so studying political science was a natural fit for me. (But don\u2019t worry, naming presidents is not a prerequisite for taking political science classes!) What I find truly fascinating about politics is that it is all around us; it affects everyday choices like the foods we eat, to the people we associate with, and how we see the world. I am a political scientist because I enjoy exploring how politics shapes our identities and our communities. I hope to inspire students to think about these connections and then apply them to their own diverse interests.<\/p>\n<p style=\"text-align: justify\"><strong>Research Interests:<\/strong><br \/>\nMy main areas of teaching and research are within American politics, focusing on political behavior, identity politics, and political inequality, especially among religious groups and racial and ethnic minorities in the U.S. In my research, I often draw on three major themes: 1) how individuals, especially those from historically marginalized or underrepresented groups, gain political voice, 2) how churches and other linkage institutions mobilize members for political action, and 3) how inequality is reflected in political institutions and affected by a range of public policies.<\/p>\n<p style=\"text-align: justify\"><strong>Selected Research and\/or Creative Work:<\/strong><br \/>\nAudette, Andre P., Maryann Kwakwa, &amp; Christopher L. Weaver. Forthcoming. \u201cReconciling the God and Gender Gaps: The Influence of Women in Church Politics.\u201d Politics, Groups, and Identities.<\/p>\n<p style=\"text-align: justify\">Audette, Andre P., Mark Brockway, &amp; Christopher L. Weaver. 2017. \u201c<a href=\"http:\/\/journals.sagepub.com\/doi\/abs\/10.1177\/1532673X16688459\" target=\"_blank\" rel=\"noopener noreferrer\">Adapting Identities: Religious Conversion and Partisanship among Asian American Immigrants<\/a>.\u201d American Politics Research 45(4): 692-721.<\/p>\n<p style=\"text-align: justify\">Audette, Andre P. &amp; Christopher L. Weaver. 2016. \u201c<a href=\"http:\/\/journals.sagepub.com\/doi\/abs\/10.1177\/1065912916634896?journalCode=prqb\" target=\"_blank\" rel=\"noopener noreferrer\">Filling Pews and Voting Booths: The Role of Politicization in Congregational Growth<\/a>.\u201d Political Research Quarterly 69(2): 245-257.<\/p>\n<hr \/>\n<p style=\"text-align: justify\"><img loading=\"lazy\" decoding=\"async\" class=\"alignleft size-thumbnail wp-image-377\" src=\"https:\/\/connect.apsanet.org\/s11\/wp-content\/uploads\/sites\/17\/2018\/09\/andrea_hatcher-150x150.jpg\" alt=\"\" width=\"150\" height=\"150\" \/><a href=\"https:\/\/www.sewanee.edu\/academics\/politics\/facstaff\/hatcher.php\" target=\"_blank\" rel=\"noopener noreferrer\">Andrea Hatcher &#8211; Associate Professor and Chair of Department of Politics, Sewanee, The University of the South<\/a><\/p>\n<p style=\"text-align: justify\">A native of Bagdad, Florida, Andrea Hatcher received a B.A. and M.A. in political science from the University of West Florida. She began teaching at Sewanee as she was completing a Ph.D. at Vanderbilt University.<\/p>\n<p style=\"text-align: justify\">Her research and teaching interests focus on American political institutions. As well as survey courses in American government and politics, she offers courses on the Presidency, Legislative Process, Constitutional Law, Religion and American Politics.<\/p>\n<p style=\"text-align: justify\"><strong>Selected Activities:<br \/>\n<\/strong>Among her campus activities, she serves as faculty advisor to Sewanee\u2019s delegation to the Tennessee Intercollegiate State Legislature as well as a legal team that competes in the annual Appellate Moot Court Collegiate Challenge.<\/p>\n<p style=\"text-align: justify\">She is also director of Sewanee\u2019s Pre-Law Program.<\/p>\n<p style=\"text-align: justify\"><strong>Selected Research:<br \/>\n<\/strong>Her book, Majority Leadership in the U.S. Senate: Balancing Constraints (Cambria Press, 2010), is the first comprehensive study of the office of U.S. Senate Majority Leader and finds, among other trends, that Senate Majority Leaders emerge from the party&#8217;s ideological median but tend to become more ideologically extreme as their margin of majority increases.<\/p>\n<p style=\"text-align: justify\">\u201cThe Electoral Risks of Senate Majority Leadership, or How Tom Daschle Lost and Harry Reid Won\u201d explains the (rare) conditions under which Senate Majority Leaders lose re-election.<\/p>\n<p style=\"text-align: justify\">Currently, her research interests diversify to include a comparative study of the political behaviors of American and British Evangelicals. On this, she has contributed to Is There A \u2018Religious Right\u2019 Emerging in Britain? A book, <a href=\"https:\/\/www.amazon.com\/Political-Religious-Identities-British-Evangelicals\/dp\/3319562819\/\" target=\"_blank\" rel=\"noopener noreferrer\">Political and Religious Identities of British Evangelicals<\/a>, was published in 2017 from Palgrave Macmillan.<\/p>\n<hr \/>\n<p><img loading=\"lazy\" decoding=\"async\" class=\"size-thumbnail alignleft\" src=\"https:\/\/webcentral.uc.edu\/eprof\/media\/repository\/0441WilliamsRina3056.jpg\" width=\"180\" height=\"231\" \/><a href=\"https:\/\/researchdirectory.uc.edu\/p\/willi3ra\" target=\"_blank\" rel=\"noopener noreferrer\">Rina Williams<\/a><\/p>\n<p style=\"text-align: justify\">University of Cincinnati<br \/>\nAssociate Professor of Political Science; Affiliate Faculty, Women&#8217;s, Gender and Sexuality Studies and Asian Studies<\/p>\n<p style=\"text-align: justify\">A.M and Ph.D. in Political Science, Harvard University<br \/>\nB.A. (Political Science) and B.S. (Chemistry), University of California at Irvine<\/p>\n<p style=\"text-align: justify\">Areas of specialization include South Asian politics; women and gender; ethnicity and nationalism; religion and politics; and politics of the developing nations. Her first book, Postcolonial Politics and Personal Laws: Colonial Legal Legacies and the Indian State, was published by Oxford University Press in 2006. Her current research examines the role of women and gender in religious nationalism in Indian politics.<\/p>\n<p style=\"text-align: justify\">Publication: \u201cHindu Law as Personal Law: State and Identity in the Hindu Code Bills Debates, 1952-56.\u201d Timothy Lubin et. al., eds. <a href=\"https:\/\/www.amazon.com\/Hinduism-Law-Introduction-Timothy-Lubin\/dp\/0521716268\/\" target=\"_blank\" rel=\"noopener noreferrer\">Hinduism and Law: An Introduction<\/a>. New York: Cambridge University Press, 2010.<\/p>\n<hr \/>\n<p style=\"text-align: right\"><a href=\"https:\/\/psc.ua.edu\/people\/christopher-hale\/\" target=\"_blank\" rel=\"noopener noreferrer\">Christopher Hale<\/a><img loading=\"lazy\" decoding=\"async\" class=\"size-thumbnail alignright\" src=\"https:\/\/psc.ua.edu\/wp-content\/uploads\/2015\/06\/Hale_.jpg\" width=\"200\" height=\"267\" \/><\/p>\n<p style=\"text-align: right\">Assistant Professor<br \/>\nPolitical Science Department<br \/>\nThe University of Alabama<\/p>\n<p style=\"text-align: right\">PhD, Arizona State University, 2013<br \/>\nMA, Ohio University, 2005<br \/>\nBA, Marietta College, 2003<\/p>\n<p style=\"text-align: left\">Teaching Interests:<\/p>\n<p>Introduction to Comparative Government<br \/>\nPolitics of Developing Nations<br \/>\nIntroduction to Politics<br \/>\nTopics on Cultural Diversity: U.S. Immigration<br \/>\nWorld Politics<br \/>\nPolitics of Latin America Religion and Politics<\/p>\n<p>Section Journal Article:<\/p>\n<p style=\"text-align: justify\">\u201c<a href=\"https:\/\/www.cambridge.org\/core\/journals\/politics-and-religion\/article\/religious-institutions-and-collective-action-the-catholic-church-and-political-activism-in-indigenous-chiapas-and-yucatan\/14DD4AA8EC0438DF1C0D558A7DF5D14F\" target=\"_blank\" rel=\"noopener noreferrer\">Religious Institutions and Collective Action: The Catholic Church and Political Activism in Indigenous Chiapas and Yucata\u0301n<\/a>.\u201d\u00a0<em>Politics and Religion\u00a0<\/em>11, No. 1<\/p>\n<p>Abstract:<\/p>\n<p style=\"text-align: justify\">Why do religious organizations facilitate secular political activism in some settings but not others? I contend that where religious institutions are characterized by decentralized local governance, they are more likely to facilitate political activism. Drawing on nine months of field research and 60 interviews, I conduct a qualitative comparison between the Mexican states of Chiapas and Yucat\u00e1n. I argue Chiapas exhibits highly decentralized governance by the Catholic Church whereas Yucat\u00e1n exhibits centralized clerical management. This difference accounts for why Chiapas experiences high levels of indigenous political activism while Yucat\u00e1n experiences very little political activism.<\/p>\n","protected":false},"excerpt":{"rendered":"<p>2019 -2020 Chair-Elect Amy Erica Smith &#8211; Associate Professor of Political Science at Iowa State University My research examines how citizens around the world interact with each other and their representatives to shape democracy and authoritarianism. In my recent work, I focus on the religious communities and ideas that mold politics. My areas of greatest [&hellip;]<\/p>\n","protected":false},"author":3307,"featured_media":0,"parent":0,"menu_order":0,"comment_status":"closed","ping_status":"closed","template":"","meta":{"_bbp_topic_count":0,"_bbp_reply_count":0,"_bbp_total_topic_count":0,"_bbp_total_reply_count":0,"_bbp_voice_count":0,"_bbp_anonymous_reply_count":0,"_bbp_topic_count_hidden":0,"_bbp_reply_count_hidden":0,"_bbp_forum_subforum_count":0,"_monsterinsights_skip_tracking":false,"_monsterinsights_sitenote_active":false,"_monsterinsights_sitenote_note":"","_monsterinsights_sitenote_category":0,"footnotes":""},"class_list":["post-185","page","type-page","status-publish","hentry"],"_links":{"self":[{"href":"https:\/\/connect.apsanet.org\/s11\/wp-json\/wp\/v2\/pages\/185","targetHints":{"allow":["GET"]}}],"collection":[{"href":"https:\/\/connect.apsanet.org\/s11\/wp-json\/wp\/v2\/pages"}],"about":[{"href":"https:\/\/connect.apsanet.org\/s11\/wp-json\/wp\/v2\/types\/page"}],"author":[{"embeddable":true,"href":"https:\/\/connect.apsanet.org\/s11\/wp-json\/wp\/v2\/users\/3307"}],"replies":[{"embeddable":true,"href":"https:\/\/connect.apsanet.org\/s11\/wp-json\/wp\/v2\/comments?post=185"}],"version-history":[{"count":0,"href":"https:\/\/connect.apsanet.org\/s11\/wp-json\/wp\/v2\/pages\/185\/revisions"}],"wp:attachment":[{"href":"https:\/\/connect.apsanet.org\/s11\/wp-json\/wp\/v2\/media?parent=185"}],"curies":[{"name":"wp","href":"https:\/\/api.w.org\/{rel}","templated":true}]}}