{"id":780,"date":"2021-02-15T10:16:39","date_gmt":"2021-02-15T17:16:39","guid":{"rendered":"https:\/\/connect.apsanet.org\/s11\/?page_id=780"},"modified":"2021-02-15T10:16:39","modified_gmt":"2021-02-15T17:16:39","slug":"section-awards-archive","status":"publish","type":"page","link":"https:\/\/connect.apsanet.org\/s11\/section-awards-archive\/","title":{"rendered":"Section Awards Archive"},"content":{"rendered":"\n<div class=\"twitter-share\"><a href=\"https:\/\/twitter.com\/intent\/tweet?via=apsa_section11\" class=\"twitter-share-button\">Tweet<\/a><\/div>\n\n<p style=\"text-align: left\"><strong><span style=\"font-size: 24px\"><span style=\"font-size: 20px\">Archives<\/span><\/span><\/strong><\/p>\n<p style=\"text-align: center\"><strong><span style=\"font-size: 24px\"><span style=\"font-size: 20px\">2020 Awardees<\/span><br \/><span style=\"font-size: 20px\">Religion and Politics Section Awards<\/span><br \/><\/span><\/strong><\/p>\n<p><strong>a. Hubert Morken Best Book in Religion and Politics Award<\/strong><\/p>\n<p><a href=\"https:\/\/connect.apsanet.org\/s11\/?p=687\">The winner<\/a>:<br \/>Laura Dudley Jenkins. Religious Freedom and Mass Conversion in India. UPenn Press, 2019.<\/p>\n<p><a href=\"https:\/\/connect.apsanet.org\/s11\/?p=689\">The honorable mention<\/a>:<br \/>Carlo Invernizzi-Accetti. What is Christian Democracy? Politics, Religion and Ideology. Cambridge University Press, 2019.<\/p>\n<p><strong>b. Aaron Wildavsky Best Dissertation in Religion and Politics Award<\/strong><\/p>\n<p>The winner:<br \/>Guadalupe Tu\u00f1on. When the Church Votes Left: The Electoral Consequences of Progressive Religion. University of California, Berkeley.<\/p>\n<p>The honorable mention:<br \/>Alexandre Paquin-Pelletier. Radical Leaders: Status, Competition, and Violent Islamic Mobilization in Indonesia. University of Toronto.<\/p>\n<p><strong>c. Kenneth D. Wald Best Graduate Student Paper Award<\/strong><\/p>\n<p>The winner:<br \/>Elizabeth Dekeyser (MIT). \u201cIslam, Exclusivity, and the State: Evidence from France.\u201d Paper presented in APSA Annual Meeting, 2019.<\/p>\n<p>The honorable mention:<br \/>Yusuf Magiya (Columbia University) and M. Tahir Kilavuz (Marmara University). \u201cIslamism, Policy Positions and Vote Choice: What Experimental Evidence Tells About Islamist Advantage in Turkey.\u201d Paper presented in Midwest Annual Meeting, 2019.<\/p>\n<p><strong>d. Weber Best Conference Paper in Religion and Politics Award<\/strong><\/p>\n<p>The winner:<br \/>Steven Brooke (University of Wisconsin), David Buckley (University of Louisville), Clarissa David (Ateneo School of Government), and Ronald Mendoza (Ateneo School of Government). \u201cPopulist Violence and Social Resistance: The Filipino Catholic Church and the Drug War.\u201d Paper presented at APSA Annual Meeting, 2019.<\/p>\n<p><strong>e. Ted Jelen Best Journal Article in Politics and Religion Award<\/strong><\/p>\n<p>The winner:<br \/>Paul Djupe (Denison University) and Jacob Neiheisel (University of Buffalo). \u201cPolitical Mobilization in American Congregations: A Religious Economies Perspective.\u201d Politics and Religion 12, no. 1 (2019): 123-152.<\/p>\n<hr \/>\n<p style=\"text-align: center\"><strong><span style=\"font-size: 24px\">2020<br \/>Religion and Politics<br \/>Section Awards Committees<\/span><\/strong><\/p>\n<p style=\"text-align: left\"><strong>Susanne Hoeber Rudolph Outstanding Scholar in Religion and Politics Award<\/strong><\/p>\n<p style=\"text-align: justify\">The Susanne Hoeber Rudolph Outstanding Scholar Award\u00a0recognizes a scholar who has made outstanding\u00a0contributions to the field of\u00a0religion and politics. These contributions should be through a combination of\u00a0excellent and widely influential scholarship, policy input\/impact, public\u00a0engagement, service, teaching, and\u00a0mentorship. Although the committee highly\u00a0encourages nominations of APSA members and takes service to\u00a0APSA seriously,\u00a0nominees do not have to be current APSA members. The nominees are expected to\u00a0attend the\u00a0following year\u2019s APSA Annual Meeting and participate in the\u00a0roundtable organized in to celebrate their work.<\/p>\n<p style=\"text-align: justify\">The award is presented annually, following a review of\u00a0applications by the committee. The winner will be\u00a0honored with a plaque, a\u00a0monetary award of $500, and a roundtable symposium honoring their work at the\u00a0APSA Annual Meeting of the next calendar year. (The 2020 Susanne Hoeber Rudolph\u00a0Awardee will be honored\u00a0at the 2021 APSA Annual Meeting both during the\u00a0business meeting and the roundtable).<\/p>\n<p style=\"text-align: justify\">The award is intended as an addition to, not replacement for, the practice of awarding special lifetime achievement awards\u2019 for scholars who have made substantial contributions to the Section on the event of their retirement. Instead, this is meant to reward political scientists (including those who are mid-career) who have made a substantial contribution to the field of religion and politics.<\/p>\n<p style=\"text-align: justify\">Nomination letters and the CVs of the nominees are due to the Committee Chair, Ben Gaskins, (<a href=\"mailto:bgaskins@lclark.edu\" target=\"_blank\" rel=\"noopener noreferrer\">bgaskins@lclark.edu<\/a>) by <strong><span style=\"color: #ff0000\">April 15, 2020<\/span><\/strong>.\u00a0The nomination letter should clearly describe how the nominee\u00a0fulfills the\u00a0criteria described above. Since this award is meant to reflect peer\u00a0recognition, self-nominations will\u00a0not be considered.<\/p>\n<p>Award Committee:<\/p>\n<p>Ben Gaskins (<a href=\"mailto:bgaskins@lclark.edu\" target=\"_blank\" rel=\"noopener noreferrer\">bgaskins@lclark.edu<\/a>)<br \/>Lewis and Clark College<\/p>\n<p>Tanya Schwarz (<a href=\"mailto:tschwarz@apsanet.org\" target=\"_blank\" rel=\"noopener noreferrer\">tschwarz@apsanet.org<\/a>)<br \/>APSA<\/p>\n<p>Andrea Hatcher (<a href=\"mailto:ahatcher@sewanee.edu\" target=\"_blank\" rel=\"noopener noreferrer\">ahatcher@sewanee.edu<\/a>)<br \/>The University of the South<\/p>\n<hr \/>\n<p style=\"text-align: justify\"><strong>Aaron Wildavsky Best Dissertation in Religion and Politics<\/strong><\/p>\n<p style=\"text-align: justify\">The APSA Religion and Politics Section invites nominations for the Aaron Wildavsky Dissertation Award. The Aaron Wildavsky Award recognizes the best dissertation in the field of religion and politics. Eligible dissertations have been defended in the last two years (2018 or 2019), and should make a distinctive contribution to the study of religion and politics, broadly understood. Please submit nominations to the committee by email \u2013 self-nominations are welcome!<\/p>\n<p style=\"text-align: justify\">Nomination Instructions: Please send a letter of nomination (maximum 2 pages) and a copy of the dissertation to the committee by email.<\/p>\n<p><strong><span style=\"color: #ff0000\">Deadline for Nominations: April 15, 2020<\/span><\/strong><\/p>\n<p>Award Committee:<\/p>\n<p>Christopher Hale (Chair) \u2013 University of Alabama \u2013 cwhale@ua.edu<br \/>David Buckley \u2013 University of Louisville \u2013 dtbuck02@louisville.edu<br \/>Jason Klocek \u2013 University of Notre Dame \u2013 jklocek@nd.edu<\/p>\n<hr \/>\n<p><strong>Kenneth D. Wald Best Graduate Student Paper Award in Religion and Politics<\/strong><\/p>\n<p style=\"text-align: justify\">Kenneth D. Wald Best Graduate Student Paper Award will be given to a conference paper studying\u00a0any aspect of religion and politics presented by a Ph.D. student in political science in 2019. The conference can be\u00a0affiliated with any of the US-based political science associations or a conference affiliated with another\u00a0association, such as the Society for the Scientific Study of Religion, the American Academy of Religion, the Middle\u00a0East Studies Association, or the International Studies Association, as long as the paper was written by a student\u00a0or students enrolled in a graduate program in political science. Papers co-authored with faculty will not be considered.\u00a0Papers presented at poster sessions are welcome. The award will be announced and presented at the annual\u00a0APSA conference during the business meeting. The award committee is under no obligation to make an award if\u00a0no submissions merit such recognition.<\/p>\n<p style=\"text-align: justify\">Nomination Instructions: Please send nominations (self-nominations are welcome) including an electronic copy of the\u00a0paper and an electronic copy of the conference program listing to the committee members. Questions can be directed to the award committee chair.<\/p>\n<p><strong>Deadline for Nominations: April 30, 2020<\/strong><\/p>\n<p>G\u00fcne\u015f Murat Tezc\u00fcr (Chair)<br \/>University of Central Florida<br \/><a href=\"mailto:tezcur@ucf.edu\" target=\"_blank\" rel=\"noopener noreferrer\">tezcur@ucf.edu<\/a><\/p>\n<p>Consuelo Amat<br \/>Stanford University<br \/><a href=\"mailto:amat@stanford.edu\" target=\"_blank\" rel=\"noopener noreferrer\">amat@stanford.edu<\/a><\/p>\n<p>Kikue Hamayotsu<br \/>Northern Illinois University<br \/><a href=\"mailto:khamayotsu@niu.edu\" target=\"_blank\" rel=\"noopener noreferrer\">khamayotsu@niu.edu<\/a><\/p>\n<hr \/>\n<p><strong>Hubert Morken Best Book Award<\/strong><\/p>\n<div>\n<p style=\"text-align: justify\">Given for the best book dealing with religion and politics published within the previous year. The criteria for the award include the originality of the argument presented, quality of the research, innovative methods, readability of the text and the policy or practical implications of the scholarship.<\/p>\n<p style=\"text-align: justify\">To be eligible for the award, books must have been published in 2019. The nomination should include a brief statement (250-750\u00a0words) summarizing the book\u2019s contributions and why it is nominated for the award. This statement can be sent by email. As part of the\u00a0nomination, publishers should send a copy of the nominated book to EACH member of the awards committee at the addresses below,\u00a0making sure that the books arrive by <strong>the nomination deadline, March 15th, 2020<\/strong>.<\/p>\n<p>Self nominations are welcome.<\/p>\n<p>If you have any questions, please contact the committee chair,<br \/>Rina Williams (<a href=\"mailto:willi3ra@ucmail.uc.edu\" target=\"_blank\" rel=\"noopener noreferrer\">willi3ra@ucmail.uc.edu<\/a>)<\/p>\n<p>Committee Members Contact Information:<\/p>\n<p>Dr. Rina Williams<br \/>Dept. of Political Science<br \/>University of Cincinnati<br \/>Box 210375, Crosley Tower 1118<br \/>Cincinnati OH 45221-0375<br \/><a href=\"mailto:willi3ra@ucmail.uc.edu\" target=\"_blank\" rel=\"noopener noreferrer\">willi3ra@ucmail.uc.edu<\/a><\/p>\n<p>Dr. Quin Monson<br \/>Political Science Dept.<br \/>Brigham Young University<br \/>745 Spencer W. Kimball Tower<br \/>Provo, UT 84602<br \/><a href=\"mailto:Quin.Monson@byu.edu\" target=\"_blank\" rel=\"noopener noreferrer\">Quin.Monson@byu.edu<\/a><\/p>\n<p>Dr. Jonathan Agensky<br \/>Bentley Annex 211,\u00a06 President St.<br \/>Department of Political Science<br \/>Ohio University<br \/>Athens, OH 45701<br \/><a href=\"mailto:agensky@ohio.edu\" target=\"_blank\" rel=\"noopener noreferrer\">agensky@ohio.edu<\/a><\/p>\n<hr \/><hr \/><hr \/>\n<p style=\"text-align: center\"><strong><span style=\"font-size: 24px\">Religion and Politics Section Awards<\/span><br \/><span style=\"font-size: 24px\">2019<\/span><\/strong><\/p>\n<p><strong>Ken Wald Best Graduate Student Paper Award &#8211; 2019<\/strong><\/p>\n<p style=\"text-align: justify\">The Kenneth D. Wald Best Graduate Student Paper Award will be given annually to a conference paper studying any aspect of religion and politics presented by a Ph.D. student in political science. The conference can be affiliated with any of the US-based political science associations or a conference affiliated with another association, such as the Society for the Scientific Study of Religion, the American Academy of Religion, the Middle East Studies Association, or the International Studies Association, as long as the paper was written by a student or students enrolled in a graduate program in political science. Papers written with faculty will not be considered. Papers presented at poster sessions are welcome. The award will be announced and presented at the annual APSA conference during the business meeting. The award committee is under no obligation to make an award if no submissions merit such recognition.<\/p>\n<p>Nomination Instructions: Please send nominations (self-nomination is okay) including an electronic copy of the paper and an electronic copy of the conference program listing to the committee chair.<\/p>\n<p><span style=\"color: #ff0000\">Deadline for Nominations: May 24, 2019<\/span><\/p>\n<p>Award Committee<\/p>\n<p>Daniel Bennett (Chair)<br \/>Assistant Professor<br \/>Department of Political Science<br \/>John Brown University<br \/><a href=\"mailto:DBennett@jbu.edu\" target=\"_blank\" rel=\"noopener noreferrer\">DBennett@jbu.edu<\/a><\/p>\n<p>Nandini Deo<br \/>Associate Professor<br \/>Department of Political Science<br \/>Lehigh University<br \/><a href=\"mailto:Ndd208@lehigh.edu\" target=\"_blank\" rel=\"noopener noreferrer\">Ndd208@lehigh.edu<\/a><\/p>\n<p>Benjamin Knoll<br \/>John Marshall Harlan Associate Professor<br \/>Department of Politics<br \/>Centre College<br \/><a href=\"mailto:Benjamin.knoll@centre.edu\" target=\"_blank\" rel=\"noopener noreferrer\">Benjamin.knoll@centre.edu<\/a><\/p>\n<hr \/>\n<p><strong>Ted Jelen Best Journal Article Award &#8211; 2019<br \/><\/strong><\/p>\n<p>This award is presented for the best article published in Politics and Religion in the 2018 calendar year (volume 11, issues 1-4).<\/p>\n<p>Committee:<\/p>\n<p style=\"padding-left: 30px\">Amy Erica Smith (Chair)<br \/>Elizabeth Oldmixon<br \/>Chris Reardon<br \/>Paul Djupe.<\/p>\n<hr \/>\n<p><strong>Hubert Morken Best Book Award &#8211; 2019<br \/><\/strong><\/p>\n<p style=\"text-align: justify\">The Hubert Morken Award is given for the best book dealing with religion and politics published within the past year. The criteria for the award include the originality of the argument presented, quality of the research, innovative methods, readability of the text and the policy or practical implications of the scholarship.<\/p>\n<p style=\"text-align: justify\">To be eligible for the award, books must have been published in 2018. The nomination should include a brief statement (250-750 words) summarizing the book\u2019s contributions and why it is nominated for the award. This statement can be sent by email. As part of the nomination, publishers should send a copy of the nominated book to EACH member of the awards committee at the addresses below, making sure that the books arrive by the nomination deadline, March 15th, the latest.<\/p>\n<p>Self nominations are welcome.<\/p>\n<p>If you have any questions, please contact the committee chair, Nukhet A. Sandal (sandal@ohio.edu).<\/p>\n<p>Committee Members Contact Information<\/p>\n<p style=\"padding-left: 30px\"><strong>Nukhet A. Sandal<\/strong><br \/>Ohio University<br \/>Department of Political Science<br \/>Bentley Annex 259<br \/>Athens OH 45701<br \/><a href=\"mailto:sandal@ohio.edu\" rel=\"nofollow\">sandal@ohio.edu<\/a><\/p>\n<p style=\"padding-left: 30px\"><strong>Andrew Lewis<\/strong><br \/>University of Cincinnati<br \/>Department of Political Science<br \/>301 Clifton Court<br \/>1102 Crosley Tower (ML 0375)<br \/>Cincinnati, OH 45221<br \/><a href=\"mailto:lewis2a5@UCMAIL.UC.EDU\" rel=\"nofollow\">lewis2a5@UCMAIL.UC.EDU<\/a><\/p>\n<p style=\"padding-left: 30px\"><strong>Jeremy Menchik<\/strong><br \/>152 Bay State Rd<br \/>Pardee School of Global Studies<br \/>Boston University<br \/>Boston MA 02215<br \/><a href=\"mailto:menchik@bu.edu\" rel=\"nofollow\">menchik@bu.edu<\/a><\/p>\n<hr \/>\n<div><strong>Weber Best Conference Paper Award &#8211; 2019<br \/><\/strong><\/div>\n<div>\u00a0<\/div>\n<div style=\"text-align: justify\">The Best Paper Award recognizes the best paper dealing with religion and politics presented at the previous year&#8217;s APSA Annual Meeting. The paper should address a timely and relevant topic, within the discipline and beyond, in a theoretically innovative and methodologically thorough manner. Please submit nominations to the chair of the committee.<\/div>\n<div>\u00a0<\/div>\n<div><strong>Deadline for nominations: April 15, 2019<\/strong><\/div>\n<p>Award Committee<\/p>\n<p>Andre Audette (chair)<br \/>Assistant Professor<br \/>Department of Political Science<br \/>Monmouth College<br \/><a href=\"mailto:aaudette@monmouthcollege.edu\" target=\"_blank\" rel=\"noopener noreferrer\">aaudette@monmouthcollege.edu<\/a><\/p>\n<p>Amanda Friesen<br \/>Associate Professor<br \/>Department of Political Science<br \/>Indiana University-Purdue University Indianapolis<br \/><a href=\"mailto:amfriese@iupui.edu\" target=\"_blank\" rel=\"noopener noreferrer\">amfriese@iupui.edu<\/a><\/p>\n<p>Kerem Ozan Kalkan<br \/>Assistant Professor<br \/>Department of Government<br \/>Eastern Kentucky University<br \/><a href=\"mailto:kerem.kalkan@eku.edu\" target=\"_blank\" rel=\"noopener noreferrer\">kerem.kalkan@eku.edu<\/a><\/p>\n<p>Rachel Beatty Riedl<br \/>Associate Professor<br \/>Department of Political Science<br \/>Northwestern University<br \/><a href=\"mailto:r-riedl@northwestern.edu\" target=\"_blank\" rel=\"noopener noreferrer\">r-riedl@northwestern.edu<\/a><\/p>\n<hr \/>\n<p><strong>Aaron Wildavsky Dissertation Award &#8211; 2019<\/strong><\/p>\n<p style=\"text-align: justify\">The APSA Religion and Politics Section invites nominations for the Aaron Wildavsky Dissertation Award. The Aaron Wildavsky Award recognizes the best dissertation in the field of religion and politics. Eligible dissertations have been defended in the last two years, and should make a distinctive contribution to the study of religion and politics, broadly understood. Please submit nominations to the chair of the committee \u2013 self-nominations are welcome!<\/p>\n<p style=\"text-align: justify\">Nomination Instructions: Please send a letter of nomination (maximum 2 pages) and a copy of the dissertation to the committee chair, Rebecca Glazier at raglazier@ualr.edu.<\/p>\n<p><strong>Deadline for nominations: April 15, 2019<\/strong><\/p>\n<hr \/><hr \/>\n<p style=\"text-align: center\"><strong><span style=\"font-size: 24px\">2018<\/span><br \/><\/strong><\/p>\n<p><strong><span style=\"font-size: 16px;font-family: tahoma, arial, helvetica, sans-serif\">Ted Jelen Award for the best article published in <em>Politics and Religion<\/em><\/span><br \/><\/strong><\/p>\n<p>Borjan Zic<\/p>\n<p>\u201c<a href=\"https:\/\/www.cambridge.org\/core\/journals\/politics-and-religion\/article\/political-impact-of-displacement-wartime-idps-religiosity-and-postwar-politics-in-bosnia\/FAD940A5F31734AD8F012F4918A8A687\" target=\"_blank\" rel=\"noopener noreferrer\">The Political Impact of Displacement: Wartime IDPs, Religiosity, and Post War Politics in Bosnia<\/a>\u201d<\/p>\n<hr \/>\n<p><span style=\"font-family: tahoma, arial, helvetica, sans-serif;font-size: 16px\"><strong>Weber Best Conference Paper Award<\/strong><\/span><\/p>\n<p>Paul A. Djupe, Jacob R. Neiheisel, Kimberly H. Conger<\/p>\n<p>\u201cAre the Politics of the Christian Right Linked to State Rates of the Non Religious?\u201d<\/p>\n<p>{see <a href=\"http:\/\/journals.sagepub.com\/doi\/full\/10.1177\/1065912918771526\" target=\"_blank\" rel=\"noopener noreferrer\">Political Research Quarterly<\/a>}<\/p>\n<hr \/>\n<p><span style=\"font-family: tahoma, arial, helvetica, sans-serif;font-size: 16px\"><strong>Aaron Wildavsky Dissertation Award<\/strong><\/span><\/p>\n<p>Michael Hoffman<\/p>\n<p>\u201cCommunal Religion, Sectarian Interests, and Democracy\u201d<\/p>\n<hr \/>\n<p><span style=\"font-family: tahoma, arial, helvetica, sans-serif;font-size: 16px\"><strong>The Hubert Morken Book Award<\/strong><\/span><\/p>\n<p><img loading=\"lazy\" decoding=\"async\" class=\"alignleft\" src=\"https:\/\/images-na.ssl-images-amazon.com\/images\/I\/51RxKoAaI0L._SX330_BO1,204,203,200_.jpg\" width=\"176\" height=\"264\" \/>Andrew R. Lewis<\/p>\n<p>The Rights Turn in Conservative Christian Politics<\/p>\n<p>Cambridge University Press<\/p>\n<p>[<a href=\"https:\/\/www.amazon.com\/Rights-Turn-Conservative-Christian-Politics\/dp\/1108405606\/ref=tmm_pap_swatch_0?_encoding=UTF8&amp;qid=1535062486&amp;sr=8-1&amp;dpID=51RxKoAaI0L&amp;preST=_SY291_BO1,204,203,200_QL40_&amp;dpSrc=detail\" target=\"_blank\" rel=\"noopener noreferrer\">amazon<\/a>]<\/p>\n<hr \/>\n<p><span style=\"font-family: tahoma, arial, helvetica, sans-serif;font-size: 16px\"><strong>Distinguished Reviewer Awards<\/strong><\/span><\/p>\n<p>Paul Djupe<\/p>\n<p>Ekrem Karakoc<\/p>\n<p>Melanie Kolbe<\/p>\n<p>Jacob Neiheisel<\/p>\n<p>Lavinia Stan<\/p>\n<\/div>\n","protected":false},"excerpt":{"rendered":"<p>Archives 2020 AwardeesReligion and Politics Section Awards a. Hubert Morken Best Book in Religion and Politics Award The winner:Laura Dudley Jenkins. Religious Freedom and Mass Conversion in India. UPenn Press, 2019. The honorable mention:Carlo Invernizzi-Accetti. What is Christian Democracy? Politics, Religion and Ideology. Cambridge University Press, 2019. b. Aaron Wildavsky Best Dissertation in Religion and [&hellip;]<\/p>\n","protected":false},"author":3307,"featured_media":0,"parent":0,"menu_order":0,"comment_status":"closed","ping_status":"closed","template":"","meta":{"_bbp_topic_count":0,"_bbp_reply_count":0,"_bbp_total_topic_count":0,"_bbp_total_reply_count":0,"_bbp_voice_count":0,"_bbp_anonymous_reply_count":0,"_bbp_topic_count_hidden":0,"_bbp_reply_count_hidden":0,"_bbp_forum_subforum_count":0,"_monsterinsights_skip_tracking":false,"_monsterinsights_sitenote_active":false,"_monsterinsights_sitenote_note":"","_monsterinsights_sitenote_category":0,"footnotes":""},"class_list":["post-780","page","type-page","status-publish","hentry"],"_links":{"self":[{"href":"https:\/\/connect.apsanet.org\/s11\/wp-json\/wp\/v2\/pages\/780","targetHints":{"allow":["GET"]}}],"collection":[{"href":"https:\/\/connect.apsanet.org\/s11\/wp-json\/wp\/v2\/pages"}],"about":[{"href":"https:\/\/connect.apsanet.org\/s11\/wp-json\/wp\/v2\/types\/page"}],"author":[{"embeddable":true,"href":"https:\/\/connect.apsanet.org\/s11\/wp-json\/wp\/v2\/users\/3307"}],"replies":[{"embeddable":true,"href":"https:\/\/connect.apsanet.org\/s11\/wp-json\/wp\/v2\/comments?post=780"}],"version-history":[{"count":0,"href":"https:\/\/connect.apsanet.org\/s11\/wp-json\/wp\/v2\/pages\/780\/revisions"}],"wp:attachment":[{"href":"https:\/\/connect.apsanet.org\/s11\/wp-json\/wp\/v2\/media?parent=780"}],"curies":[{"name":"wp","href":"https:\/\/api.w.org\/{rel}","templated":true}]}}