{"id":52,"date":"2018-04-23T20:21:04","date_gmt":"2018-04-23T20:21:04","guid":{"rendered":"https:\/\/connect.apsanet.org\/s34\/?page_id=52"},"modified":"2025-10-20T19:41:16","modified_gmt":"2025-10-20T19:41:16","slug":"officers","status":"publish","type":"page","link":"https:\/\/connect.apsanet.org\/s34\/officers\/","title":{"rendered":"Officers"},"content":{"rendered":"\n<pre class=\"wp-block-preformatted\"><strong><em><u>International History and Politics Officers<\/u><\/em><\/strong>:<br>\u00a0<br><strong>President:<\/strong> Andrew Szarejko (Wartburg College)<br><strong>Vice President:<\/strong> Peter Halden (Swedish Defence University)<br><strong>Secretary-Treasurer:<\/strong>  Richard Maass (Old Dominion)<br><strong>2026 Annual Meeting Program Chair:<\/strong> Elif Kalayc\u0131o\u011flu<br>                                                                            <strong><br>Executive Council Members:<\/strong><br>Zeynep G\u00fcl\u015fah \u00c7apan (University of Erfurt)<br>Halvard Leira (Norwegian Institute of International Affairs - NUPI)<br>Benjamin de Carvalho (Norwegian Institute of International Affairs - NUPI)<br>Ay\u015fe Zarakol (University of Cambridge)<br><br><\/pre>\n\n\n\n<pre class=\"wp-block-preformatted\"><u>Past officers:<\/u><br>\u00a0<br>Section President<br>Ay\u015fe Zarakol (2024-2025)<br>Catherine Lu (2022-2024)<br>Stacie Goddard (2020-2022)<br>Cecelia Lynch (2018-2020)<br>Karen Alter (2016-2018)<br>Peter Trubowitz (2014-2016)<br>Orfeo Fioretos (2012-2014)<br>Peter John Liberman (2011-2012)<br>Etel Solingen (2010-2011)<br>Jeff Legro (2008-2010)<br>Emily Goldman (2006-2008)<br>Deborah Welch Larson (2004-2006)<br>Jack Levy (2002-2004)<br>Andrew Bennett (2000-2002)<br>Alexander George (2000)<br>\u00a0<br>Vice-President<br>Ay\u015fe Zarakol (2022-2024)<br>Catherine Lu (2020-2022)<br>Cecelia Lynch (2016-2018)<br>Karen Alter (2014-2016)<br>Audie Klotz (2012-2014)<br>Orfeo Fioretos (2011-2012)<br>Peter John Liberman (2010-2011)<br>Etel Solingen (2008-2010)<br>John M. Owen (2006-2008)<br>William C. Wohlforth (2004-2006)<br>Martha Finnemore (2002-2004)<br>Andrew Bennett (2000)<br>\u00a0<br>Secretary-Treasurer<br>Kyle Lascurettes (2022-2024)<br>Andrew Yeo (2020-2022)<br>David Edelstein (2015-2018)<br>Colin Elman (1999-2014)<br>\u00a0<br>Meeting Program Chair<br>Richard Maass (2024)<br>Joshua Shifrinson (2023)<br>Kyle Lascurettes (2022)<br>Jonathan Agensky (2020)<br>David Steinberg (2018)<br>Jelena Suboti\u0107 (2017)<br>Kelly Greenhill (2016)<br>John Owen (2015)<br>Peter Trubowitz (2014)<br>Kathleen McNamara (2013)<br>Audie Klotz (2012)<br>Orfeo Fioretos (2011)<br>Risa Brooks (2010)<br>Dan Lindley (2009)<br>Stuart J. Kaufman (2008)<br>Jeffrey Legro (2007)<br>Andrew Moravcsik (2006)<br>Emily O. Goldman (2005)<br>Kimberley Martens (2004)<br>Bill Wohlforth (2003)<br>John Ikenberry (2002)<br>Hendrik Spruyt (2001)<br>Jack Levy (2000)<br>\u00a0<br>Newsletter Editor<br>John R. Emery (2020-2022)<br>Tom Le and Peter Harris (2017-2020)<br>James Morrison (2015-2017)<br>Assistant Newsletter Editor<br>Hyeyoon Park and Erika Sato (2017-2020)<br>Joanne Yao (2015-2017)<br>\u00a0<br>Past Executive Council members<br>Carla Norrl\u00f6f (2022-2024)<br>Jelena Suboti\u0107 (2022-2024)<br>Marcos S. Scauso (2022-2024)<br>Jonathan Agensky (2020-2022) <br>Diana Kim (2020-2022) <br>Jeffrey Taliaferro (2020-2022) <br>Joe Parent (2018-2020)<br>Philip J. Howe (2018-2020)<br>Narendra Subramanian (2018-2020)<br>Fiona Adamson (2017-2019)<br>Bridgett Coggins (2017-2019)<br>Jeff Colgan (2017-2019)<br>Tanisha Fazal (2016-2018)<br>Stacie Goddard (2016-2018)<br>Miles Kahler (2016-2018)<br>Keith Darden (2015-2017)<br>Victoria Tin-bor Hui (2015-2017)<br>Elizabeth Kier (2015-2017)<br>Timothy McKeown (2015-2016)<br>Kate McNamara (2015-2016)<br>Chris Reus-Smit (2015-2016)<br>\u00a0<\/pre>\n","protected":false},"excerpt":{"rendered":"<p>International History and Politics Officers:\u00a0President: Andrew Szarejko (Wartburg College)Vice President: Peter Halden (Swedish Defence University)Secretary-Treasurer: Richard Maass (Old Dominion)2026 Annual Meeting Program Chair: Elif Kalayc\u0131o\u011flu Executive Council Members:Zeynep G\u00fcl\u015fah \u00c7apan (University of Erfurt)Halvard Leira (Norwegian Institute of International Affairs &#8211; NUPI)Benjamin de Carvalho (Norwegian Institute of International Affairs &#8211; NUPI)Ay\u015fe Zarakol (University of Cambridge) Past &#8230; <a title=\"Officers\" class=\"read-more\" href=\"https:\/\/connect.apsanet.org\/s34\/officers\/\" aria-label=\"Read more about Officers\">Read more<\/a><\/p>\n","protected":false},"author":5493,"featured_media":0,"parent":0,"menu_order":0,"comment_status":"closed","ping_status":"closed","template":"","meta":{"_bbp_topic_count":0,"_bbp_reply_count":0,"_bbp_total_topic_count":0,"_bbp_total_reply_count":0,"_bbp_voice_count":0,"_bbp_anonymous_reply_count":0,"_bbp_topic_count_hidden":0,"_bbp_reply_count_hidden":0,"_bbp_forum_subforum_count":0,"_monsterinsights_skip_tracking":false,"_monsterinsights_sitenote_active":false,"_monsterinsights_sitenote_note":"","_monsterinsights_sitenote_category":0,"footnotes":""},"class_list":["post-52","page","type-page","status-publish"],"_links":{"self":[{"href":"https:\/\/connect.apsanet.org\/s34\/wp-json\/wp\/v2\/pages\/52","targetHints":{"allow":["GET"]}}],"collection":[{"href":"https:\/\/connect.apsanet.org\/s34\/wp-json\/wp\/v2\/pages"}],"about":[{"href":"https:\/\/connect.apsanet.org\/s34\/wp-json\/wp\/v2\/types\/page"}],"author":[{"embeddable":true,"href":"https:\/\/connect.apsanet.org\/s34\/wp-json\/wp\/v2\/users\/5493"}],"replies":[{"embeddable":true,"href":"https:\/\/connect.apsanet.org\/s34\/wp-json\/wp\/v2\/comments?post=52"}],"version-history":[{"count":0,"href":"https:\/\/connect.apsanet.org\/s34\/wp-json\/wp\/v2\/pages\/52\/revisions"}],"wp:attachment":[{"href":"https:\/\/connect.apsanet.org\/s34\/wp-json\/wp\/v2\/media?parent=52"}],"curies":[{"name":"wp","href":"https:\/\/api.w.org\/{rel}","templated":true}]}}